{"id":25,"date":"2023-04-20T11:46:53","date_gmt":"2023-04-20T11:46:53","guid":{"rendered":"https:\/\/dummy.xtemos.com\/woodmart2\/furniture2-elementor\/?page_id=25"},"modified":"2026-02-09T15:26:34","modified_gmt":"2026-02-09T14:26:34","slug":"showrooms","status":"publish","type":"page","link":"https:\/\/www.ecoflame.hu\/en\/showrooms\/","title":{"rendered":"Our business"},"content":{"rendered":"\t\t<div data-elementor-type=\"wp-page\" data-elementor-id=\"25\" class=\"elementor elementor-25\">\n\t\t\t\t<div class=\"wd-negative-gap elementor-element elementor-element-9e4d59e e-flex e-con-boxed e-con e-parent\" data-id=\"9e4d59e\" data-element_type=\"container\" data-e-type=\"container\">\n\t\t\t\t\t<div class=\"e-con-inner\">\n\t\t<div class=\"elementor-element elementor-element-3a719e0 e-con-full e-flex e-con e-child\" data-id=\"3a719e0\" data-element_type=\"container\" data-e-type=\"container\">\n\t\t\t\t<div class=\"elementor-element elementor-element-dab190f wd-width-100 elementor-widget elementor-widget-wd_title\" data-id=\"dab190f\" data-element_type=\"widget\" data-e-type=\"widget\" data-widget_type=\"wd_title.default\">\n\t\t\t\t<div class=\"elementor-widget-container\">\n\t\t\t\t\t\t\t<div class=\"title-wrapper wd-set-mb reset-last-child wd-title-color-default wd-title-style-default wd-title-size-extra-large text-left\">\n\n\t\t\t\n\t\t\t<div class=\"liner-continer\">\n\t\t\t\t<h4 class=\"woodmart-title-container title wd-fontsize-xxxl\">K\u00f6zponti \u00fczem - Dunaharaszti<\/h4> \n\t\t\t\t\t\t\t<\/div>\n\n\t\t\t\t\t\t\t<div class=\"title-after_title reset-last-child wd-fontsize-s\">\n\t\t\t\t\t<p>Ha szeretn\u00e9 a saj\u00e1t szem\u00e9vel l\u00e1tni, hogyan k\u00e9sz\u00fclnek a term\u00e9keink, l\u00e1togasson el k\u00f6zponti \u00fczem\u00fcnkbe. El\u0151zetes egyeztet\u00e9s ut\u00e1n v\u00e9gigvezetj\u00fck a teljes gy\u00e1rt\u00e1si folyamaton, a nyersanyag \u00e9rkez\u00e9s\u00e9t\u0151l a k\u00e9sz pellet csomagol\u00e1s\u00e1ig. Itt tal\u00e1lhat\u00f3 a f\u0151 rakt\u00e1runk is, ahol nagyobb t\u00e9teleket szem\u00e9lyesen is \u00e1t lehet venni.<\/p>\t\t\t\t<\/div>\n\t\t\t\t\t<\/div>\n\t\t\t\t\t\t<\/div>\n\t\t\t\t<\/div>\n\t\t<div class=\"wd-negative-gap elementor-element elementor-element-0baa24d e-flex e-con-boxed e-con e-child\" data-id=\"0baa24d\" data-element_type=\"container\" data-e-type=\"container\">\n\t\t\t\t\t<div class=\"e-con-inner\">\n\t\t\t\t<div class=\"elementor-element elementor-element-0000e7e elementor-widget elementor-widget-wd_image_or_svg\" data-id=\"0000e7e\" data-element_type=\"widget\" data-e-type=\"widget\" data-widget_type=\"wd_image_or_svg.default\">\n\t\t\t\t<div class=\"elementor-widget-container\">\n\t\t\t\t\t\n\t\t<div class=\"wd-image text-left\">\n\t\t\t\t\t\t\t<a  href=\"#\" aria-label=\"Image link\">\n\t\t\t\t\t\t\t\t<img decoding=\"async\"  src=\"https:\/\/www.ecoflame.hu\/wp-content\/uploads\/2026\/02\/quaddro.svg\" title=\"quaddro\" loading=\"lazy\" width=\"64\" height=\"64\">\t\t\t\t\t\t\t<\/a>\n\t\t\t\t\t<\/div>\n\n\t\t\t\t\t\t<\/div>\n\t\t\t\t<\/div>\n\t\t\t\t<div class=\"elementor-element elementor-element-7f4584a elementor-widget elementor-widget-wd_image_or_svg\" data-id=\"7f4584a\" data-element_type=\"widget\" data-e-type=\"widget\" data-widget_type=\"wd_image_or_svg.default\">\n\t\t\t\t<div class=\"elementor-widget-container\">\n\t\t\t\t\t\n\t\t<div class=\"wd-image text-left\">\n\t\t\t\t\t\t\t<a  href=\"#\" aria-label=\"Image link\">\n\t\t\t\t\t\t\t\t<img decoding=\"async\"  src=\"https:\/\/www.ecoflame.hu\/wp-content\/uploads\/2026\/02\/usstove.svg\" title=\"usstove\" loading=\"lazy\" width=\"64\" height=\"64\">\t\t\t\t\t\t\t<\/a>\n\t\t\t\t\t<\/div>\n\n\t\t\t\t\t\t<\/div>\n\t\t\t\t<\/div>\n\t\t\t\t<div class=\"elementor-element elementor-element-1a5ae8c elementor-widget elementor-widget-wd_image_or_svg\" data-id=\"1a5ae8c\" data-element_type=\"widget\" data-e-type=\"widget\" data-widget_type=\"wd_image_or_svg.default\">\n\t\t\t\t<div class=\"elementor-widget-container\">\n\t\t\t\t\t\n\t\t<div class=\"wd-image text-left\">\n\t\t\t\t\t\t\t<a  href=\"#\" aria-label=\"Image link\">\n\t\t\t\t\t\t\t\t<img decoding=\"async\"  src=\"https:\/\/www.ecoflame.hu\/wp-content\/uploads\/2026\/02\/pelpro.svg\" title=\"pelpro\" loading=\"lazy\" width=\"64\" height=\"64\">\t\t\t\t\t\t\t<\/a>\n\t\t\t\t\t<\/div>\n\n\t\t\t\t\t\t<\/div>\n\t\t\t\t<\/div>\n\t\t\t\t<div class=\"elementor-element elementor-element-5dafa47 elementor-widget elementor-widget-wd_image_or_svg\" data-id=\"5dafa47\" data-element_type=\"widget\" data-e-type=\"widget\" data-widget_type=\"wd_image_or_svg.default\">\n\t\t\t\t<div class=\"elementor-widget-container\">\n\t\t\t\t\t\n\t\t<div class=\"wd-image text-left\">\n\t\t\t\t\t\t\t<a  href=\"#\" aria-label=\"Image link\">\n\t\t\t\t\t\t\t\t<img decoding=\"async\"  src=\"https:\/\/www.ecoflame.hu\/wp-content\/uploads\/2026\/02\/maine.svg\" title=\"maine\" loading=\"lazy\" width=\"64\" height=\"64\">\t\t\t\t\t\t\t<\/a>\n\t\t\t\t\t<\/div>\n\n\t\t\t\t\t\t<\/div>\n\t\t\t\t<\/div>\n\t\t\t\t<div class=\"elementor-element elementor-element-2d1440d elementor-hidden-mobile elementor-widget elementor-widget-wd_image_or_svg\" data-id=\"2d1440d\" data-element_type=\"widget\" data-e-type=\"widget\" data-widget_type=\"wd_image_or_svg.default\">\n\t\t\t\t<div class=\"elementor-widget-container\">\n\t\t\t\t\t\n\t\t<div class=\"wd-image text-left\">\n\t\t\t\t\t\t\t<a  href=\"#\" aria-label=\"Image link\">\n\t\t\t\t\t\t\t\t<img decoding=\"async\"  src=\"https:\/\/www.ecoflame.hu\/wp-content\/uploads\/2026\/02\/harmam.svg\" title=\"harmam\" loading=\"lazy\" width=\"64\" height=\"64\">\t\t\t\t\t\t\t<\/a>\n\t\t\t\t\t<\/div>\n\n\t\t\t\t\t\t<\/div>\n\t\t\t\t<\/div>\n\t\t\t\t\t<\/div>\n\t\t\t\t<\/div>\n\t\t\t\t<\/div>\n\t\t<div class=\"elementor-element elementor-element-cce27d7 e-con-full e-flex e-con e-child\" data-id=\"cce27d7\" data-element_type=\"container\" data-e-type=\"container\">\n\t\t\t\t<div class=\"elementor-element elementor-element-2dd1559 elementor-widget elementor-widget-wd_text_block\" data-id=\"2dd1559\" data-element_type=\"widget\" data-e-type=\"widget\" data-widget_type=\"wd_text_block.default\">\n\t\t\t\t<div class=\"elementor-widget-container\">\n\t\t\t\t\t\t\t<div class=\"wd-text-block reset-last-child text-left color-title\">\n\t\t\t\n\t\t\t<p><strong>EcoFlame Hungary<\/strong><br \/><strong>Dunaharaszti<\/strong><br \/><strong>Ipari Park \u00fat 14, 2330<\/strong><\/p><p><strong>H\u00e9tf\u0151 - P\u00e9ntek<\/strong> 08:00 - 17:00<\/p><p><strong><a class=\"normal text-text_default_accent mx-[2px]\" href=\"mailto:info@ecoflame.hu\" rel=\"noreferrer\" download=\"\">info@ecoflame.hu<\/a><\/strong><br \/><strong>+36 20 213 3289<\/strong><\/p><hr \/>\n\t\t\t\t\t<\/div>\n\t\t\t\t\t\t<\/div>\n\t\t\t\t<\/div>\n\t\t\t\t<div class=\"elementor-element elementor-element-7ecb973 elementor-widget elementor-widget-wd_button\" data-id=\"7ecb973\" data-element_type=\"widget\" data-e-type=\"widget\" data-widget_type=\"wd_button.default\">\n\t\t\t\t<div class=\"elementor-widget-container\">\n\t\t\t\t\t\t\t<div class=\"wd-button-wrapper text-left\" >\n\t\t\t<a class=\"btn btn-style-default btn-shape-round btn-size-default btn-color-primary btn-icon-pos-right\"  href=\"#\">\n\t\t\t\t<span class=\"wd-btn-text\" data-elementor-setting-key=\"text\">\n\t\t\t\t\t\u00datvonaltervez\u00e9s\t\t\t\t<\/span>\n\n\t\t\t\t\t\t\t<\/a>\n\t\t<\/div>\n\t\t\t\t\t\t<\/div>\n\t\t\t\t<\/div>\n\t\t\t\t<\/div>\n\t\t\t\t\t<\/div>\n\t\t\t\t<\/div>\n\t\t<div class=\"elementor-element elementor-element-cd39433 wd-section-stretch-content e-flex e-con-boxed e-con e-parent\" data-id=\"cd39433\" data-element_type=\"container\" data-e-type=\"container\">\n\t\t\t\t\t<div class=\"e-con-inner\">\n\t\t\t\t<div class=\"elementor-element elementor-element-422bf2f wd-width-100 elementor-widget elementor-widget-wd_images_gallery\" data-id=\"422bf2f\" data-element_type=\"widget\" data-e-type=\"widget\" data-widget_type=\"wd_images_gallery.default\">\n\t\t\t\t<div class=\"elementor-widget-container\">\n\t\t\t\t\t\t\t<div class=\"wd-images-gallery photoswipe-images wd-carousel-container\" style=\"--wd-align-items:center; --wd-justify-content:center;\">\n\t\t\t\t\t\t\t<div class=\"wd-carousel-inner\">\n\t\t\t\t\t\t<div class=\"wd-carousel wd-grid\" data-scroll_per_page=\"yes\" style=\"--wd-col-lg:3;--wd-col-md:3;--wd-col-sm:1;--wd-gap-lg:20px;--wd-gap-sm:10px;\">\n\t\t\t\t\t\t\t\t\t<div class=\"wd-carousel-wrap\">\n\t\t\t\t\t\t\t\t\t\t\t\t\t\t\t\t\t\t<div class=\"wd-gallery-item wd-carousel-item\">\n\t\t\t\t\t\t\t\t\t\t\t\t\t<a  href=\"https:\/\/www.ecoflame.hu\/wp-content\/uploads\/2026\/02\/01-sawmill-interior-e1770502231392.jpg\" data-width=\"366\" data-height=\"337\" data-index=\"1\" data-elementor-open-lightbox=\"no\">\n\t\t\t\t\t\t\n\t\t\t\t\t\t<img loading=\"lazy\" decoding=\"async\" width=\"366\" height=\"337\" src=\"https:\/\/www.ecoflame.hu\/wp-content\/uploads\/2026\/02\/01-sawmill-interior-e1770502231392.jpg\" class=\"attachment-full size-full\" alt=\"01-sawmill-interior\" srcset=\"https:\/\/www.ecoflame.hu\/wp-content\/uploads\/2026\/02\/01-sawmill-interior-e1770502231392.jpg 366w, https:\/\/www.ecoflame.hu\/wp-content\/uploads\/2026\/02\/01-sawmill-interior-e1770502231392-150x138.jpg 150w, https:\/\/www.ecoflame.hu\/wp-content\/uploads\/2026\/02\/01-sawmill-interior-e1770502231392-300x276.jpg 300w\" sizes=\"auto, (max-width: 366px) 100vw, 366px\" \/>\n\t\t\t\t\t\t\t\t\t\t\t\t\t<\/a>\n\t\t\t\t\t\t\t\t\t\t\t<\/div>\n\t\t\t\t\t\t\t\t\t\t\t\t\t\t\t<div class=\"wd-gallery-item wd-carousel-item\">\n\t\t\t\t\t\t\t\t\t\t\t\t\t<a  href=\"https:\/\/www.ecoflame.hu\/wp-content\/uploads\/2026\/02\/factory-2-production-1.jpg\" data-width=\"382\" data-height=\"338\" data-index=\"2\" data-elementor-open-lightbox=\"no\">\n\t\t\t\t\t\t\n\t\t\t\t\t\t<img loading=\"lazy\" decoding=\"async\" width=\"382\" height=\"338\" src=\"https:\/\/www.ecoflame.hu\/wp-content\/uploads\/2026\/02\/factory-2-production-1.jpg\" class=\"attachment-full size-full\" alt=\"factory-2-production\" srcset=\"https:\/\/www.ecoflame.hu\/wp-content\/uploads\/2026\/02\/factory-2-production-1.jpg 382w, https:\/\/www.ecoflame.hu\/wp-content\/uploads\/2026\/02\/factory-2-production-1-150x133.jpg 150w, https:\/\/www.ecoflame.hu\/wp-content\/uploads\/2026\/02\/factory-2-production-1-300x265.jpg 300w\" sizes=\"auto, (max-width: 382px) 100vw, 382px\" \/>\n\t\t\t\t\t\t\t\t\t\t\t\t\t<\/a>\n\t\t\t\t\t\t\t\t\t\t\t<\/div>\n\t\t\t\t\t\t\t\t\t\t\t\t\t\t\t<div class=\"wd-gallery-item wd-carousel-item\">\n\t\t\t\t\t\t\t\t\t\t\t\t\t<a  href=\"https:\/\/www.ecoflame.hu\/wp-content\/uploads\/2026\/02\/chips-pile.jpg\" data-width=\"338\" data-height=\"338\" data-index=\"3\" data-elementor-open-lightbox=\"no\">\n\t\t\t\t\t\t\n\t\t\t\t\t\t<img loading=\"lazy\" decoding=\"async\" width=\"338\" height=\"338\" src=\"https:\/\/www.ecoflame.hu\/wp-content\/uploads\/2026\/02\/chips-pile.jpg\" class=\"attachment-full size-full\" alt=\"Sawmill with machinery for the processing of wood\" srcset=\"https:\/\/www.ecoflame.hu\/wp-content\/uploads\/2026\/02\/chips-pile.jpg 338w, https:\/\/www.ecoflame.hu\/wp-content\/uploads\/2026\/02\/chips-pile-150x150.jpg 150w, https:\/\/www.ecoflame.hu\/wp-content\/uploads\/2026\/02\/chips-pile-300x300.jpg 300w\" sizes=\"auto, (max-width: 338px) 100vw, 338px\" \/>\n\t\t\t\t\t\t\t\t\t\t\t\t\t<\/a>\n\t\t\t\t\t\t\t\t\t\t\t<\/div>\n\t\t\t\t\t\t\t\t\t\t\t\t\t\t\t\t<\/div>\n\t\t\t\t\t\t\t\t<\/div>\n\t\t\t\t\t\t\t\t\t\t\t\t\t\t<div class=\"wd-nav-arrows wd-pos-sep wd-hover-1 wd-icon-1\">\n\t\t\t<div class=\"wd-btn-arrow wd-prev wd-disabled\">\n\t\t\t\t<div class=\"wd-arrow-inner\"><\/div>\n\t\t\t<\/div>\n\t\t\t<div class=\"wd-btn-arrow wd-next\">\n\t\t\t\t<div class=\"wd-arrow-inner\"><\/div>\n\t\t\t<\/div>\n\t\t<\/div>\n\t\t\t\t\t\t\n\t\t\t\t<\/div>\n\n\t\t\t\t\t\t\t\t\t\t\t\t\t<\/div>\n\t\t\t\t\t\t<\/div>\n\t\t\t\t<\/div>\n\t\t\t\t\t<\/div>\n\t\t\t\t<\/div>\n\t\t<div class=\"wd-negative-gap elementor-element elementor-element-d6d572c e-flex e-con-boxed e-con e-parent\" data-id=\"d6d572c\" data-element_type=\"container\" data-e-type=\"container\">\n\t\t\t\t\t<div class=\"e-con-inner\">\n\t\t<div class=\"elementor-element elementor-element-0e820d3 e-con-full e-flex e-con e-child\" data-id=\"0e820d3\" data-element_type=\"container\" data-e-type=\"container\">\n\t\t\t\t<div class=\"elementor-element elementor-element-3a6d49c wd-width-100 elementor-widget elementor-widget-wd_title\" data-id=\"3a6d49c\" data-element_type=\"widget\" data-e-type=\"widget\" data-widget_type=\"wd_title.default\">\n\t\t\t\t<div class=\"elementor-widget-container\">\n\t\t\t\t\t\t\t<div class=\"title-wrapper wd-set-mb reset-last-child wd-title-color-default wd-title-style-default wd-title-size-extra-large text-left\">\n\n\t\t\t\n\t\t\t<div class=\"liner-continer\">\n\t\t\t\t<h4 class=\"woodmart-title-container title wd-fontsize-xxxl\">Eloszt\u00f3k\u00f6zpont - Sz\u00e9kesfeh\u00e9rv\u00e1r<\/h4> \n\t\t\t\t\t\t\t<\/div>\n\n\t\t\t\t\t\t\t<div class=\"title-after_title reset-last-child wd-fontsize-s\">\n\t\t\t\t\t<p>Nyugat-magyarorsz\u00e1gi vev\u0151ink sz\u00e1m\u00e1ra \u00fczemeltet\u00fcnk egy eloszt\u00f3k\u00f6zpontot Sz\u00e9kesfeh\u00e9rv\u00e1ron. Innen gyorsabban \u00e9s k\u00f6lts\u00e9ghat\u00e9konyabban tudjuk kiszolg\u00e1lni a Dun\u00e1nt\u00falt. \u00c1tv\u00e9teli pont is m\u0171k\u00f6dik itt, el\u0151zetes egyeztet\u00e9s alapj\u00e1n.<\/p>\t\t\t\t<\/div>\n\t\t\t\t\t<\/div>\n\t\t\t\t\t\t<\/div>\n\t\t\t\t<\/div>\n\t\t<div class=\"wd-negative-gap elementor-element elementor-element-a742263 e-flex e-con-boxed e-con e-child\" data-id=\"a742263\" data-element_type=\"container\" data-e-type=\"container\">\n\t\t\t\t\t<div class=\"e-con-inner\">\n\t\t\t\t<div class=\"elementor-element elementor-element-4b63720 elementor-widget__width-auto elementor-widget elementor-widget-wd_image_or_svg\" data-id=\"4b63720\" data-element_type=\"widget\" data-e-type=\"widget\" data-widget_type=\"wd_image_or_svg.default\">\n\t\t\t\t<div class=\"elementor-widget-container\">\n\t\t\t\t\t\n\t\t<div class=\"wd-image text-left\">\n\t\t\t\t\t\t\t<a  href=\"#\" aria-label=\"Image link\">\n\t\t\t\t\t\t\t\t<img decoding=\"async\"  src=\"https:\/\/www.ecoflame.hu\/wp-content\/uploads\/2026\/02\/greene.svg\" title=\"greene\" loading=\"lazy\" width=\"64\" height=\"64\">\t\t\t\t\t\t\t<\/a>\n\t\t\t\t\t<\/div>\n\n\t\t\t\t\t\t<\/div>\n\t\t\t\t<\/div>\n\t\t\t\t<div class=\"elementor-element elementor-element-a93db1e elementor-widget__width-auto elementor-widget elementor-widget-wd_image_or_svg\" data-id=\"a93db1e\" data-element_type=\"widget\" data-e-type=\"widget\" data-widget_type=\"wd_image_or_svg.default\">\n\t\t\t\t<div class=\"elementor-widget-container\">\n\t\t\t\t\t\n\t\t<div class=\"wd-image text-left\">\n\t\t\t\t\t\t\t<a  href=\"#\" aria-label=\"Image link\">\n\t\t\t\t\t\t\t\t<img decoding=\"async\"  src=\"https:\/\/www.ecoflame.hu\/wp-content\/uploads\/2026\/02\/comfortbilt.svg\" title=\"comfortbilt\" loading=\"lazy\" width=\"64\" height=\"64\">\t\t\t\t\t\t\t<\/a>\n\t\t\t\t\t<\/div>\n\n\t\t\t\t\t\t<\/div>\n\t\t\t\t<\/div>\n\t\t\t\t<div class=\"elementor-element elementor-element-ccacc9e elementor-widget__width-auto elementor-widget elementor-widget-wd_image_or_svg\" data-id=\"ccacc9e\" data-element_type=\"widget\" data-e-type=\"widget\" data-widget_type=\"wd_image_or_svg.default\">\n\t\t\t\t<div class=\"elementor-widget-container\">\n\t\t\t\t\t\n\t\t<div class=\"wd-image text-left\">\n\t\t\t\t\t\t\t<a  href=\"#\" aria-label=\"Image link\">\n\t\t\t\t\t\t\t\t<img decoding=\"async\"  src=\"https:\/\/www.ecoflame.hu\/wp-content\/uploads\/2026\/02\/energex.svg\" title=\"energex\" loading=\"lazy\" width=\"64\" height=\"64\">\t\t\t\t\t\t\t<\/a>\n\t\t\t\t\t<\/div>\n\n\t\t\t\t\t\t<\/div>\n\t\t\t\t<\/div>\n\t\t\t\t<div class=\"elementor-element elementor-element-7858d7f elementor-widget__width-auto elementor-widget elementor-widget-wd_image_or_svg\" data-id=\"7858d7f\" data-element_type=\"widget\" data-e-type=\"widget\" data-widget_type=\"wd_image_or_svg.default\">\n\t\t\t\t<div class=\"elementor-widget-container\">\n\t\t\t\t\t\n\t\t<div class=\"wd-image text-left\">\n\t\t\t\t\t\t\t<a  href=\"#\" aria-label=\"Image link\">\n\t\t\t\t\t\t\t\t<img decoding=\"async\"  src=\"https:\/\/www.ecoflame.hu\/wp-content\/uploads\/2026\/02\/enviro.svg\" title=\"enviro\" loading=\"lazy\" width=\"64\" height=\"64\">\t\t\t\t\t\t\t<\/a>\n\t\t\t\t\t<\/div>\n\n\t\t\t\t\t\t<\/div>\n\t\t\t\t<\/div>\n\t\t\t\t<div class=\"elementor-element elementor-element-e14302a elementor-widget__width-auto elementor-widget elementor-widget-wd_image_or_svg\" data-id=\"e14302a\" data-element_type=\"widget\" data-e-type=\"widget\" data-widget_type=\"wd_image_or_svg.default\">\n\t\t\t\t<div class=\"elementor-widget-container\">\n\t\t\t\t\t\n\t\t<div class=\"wd-image text-left\">\n\t\t\t\t\t\t\t<a  href=\"#\" aria-label=\"Image link\">\n\t\t\t\t\t\t\t\t<img decoding=\"async\"  src=\"https:\/\/www.ecoflame.hu\/wp-content\/uploads\/2026\/02\/lighnetics.svg\" title=\"lighnetics\" loading=\"lazy\" width=\"64\" height=\"64\">\t\t\t\t\t\t\t<\/a>\n\t\t\t\t\t<\/div>\n\n\t\t\t\t\t\t<\/div>\n\t\t\t\t<\/div>\n\t\t\t\t\t<\/div>\n\t\t\t\t<\/div>\n\t\t\t\t<\/div>\n\t\t<div class=\"elementor-element elementor-element-f241e8d e-con-full e-flex e-con e-child\" data-id=\"f241e8d\" data-element_type=\"container\" data-e-type=\"container\">\n\t\t\t\t<div class=\"elementor-element elementor-element-8b1d593 elementor-widget elementor-widget-wd_text_block\" data-id=\"8b1d593\" data-element_type=\"widget\" data-e-type=\"widget\" data-widget_type=\"wd_text_block.default\">\n\t\t\t\t<div class=\"elementor-widget-container\">\n\t\t\t\t\t\t\t<div class=\"wd-text-block reset-last-child text-left color-title\">\n\t\t\t\n\t\t\t<p><strong>EcoFlame Eloszt\u00f3k\u00f6zpont<\/strong><br \/><strong>Sz\u00e9kesfeh\u00e9rv\u00e1r<\/strong><br \/><strong>Rakt\u00e1r utca 8, 8000<\/strong><\/p><p><strong>H\u00e9tf\u0151 - P\u00e9ntek<\/strong> 09:00 - 16:00<\/p><p><strong><a class=\"normal text-text_default_accent mx-[2px]\" href=\"mailto:raktar@ecoflame.hu\" rel=\"noreferrer\" download=\"\">raktar@ecoflame.hu<\/a><\/strong><br \/><strong>+36 20 213 3289<\/strong><\/p>\n\t\t\t\t\t<\/div>\n\t\t\t\t\t\t<\/div>\n\t\t\t\t<\/div>\n\t\t\t\t<div class=\"elementor-element elementor-element-fda2b70 elementor-widget elementor-widget-wd_button\" data-id=\"fda2b70\" data-element_type=\"widget\" data-e-type=\"widget\" data-widget_type=\"wd_button.default\">\n\t\t\t\t<div class=\"elementor-widget-container\">\n\t\t\t\t\t\t\t<div class=\"wd-button-wrapper text-left\" >\n\t\t\t<a class=\"btn btn-style-default btn-shape-round btn-size-default btn-color-primary btn-icon-pos-right\"  href=\"#\">\n\t\t\t\t<span class=\"wd-btn-text\" data-elementor-setting-key=\"text\">\n\t\t\t\t\t\u00datvonaltervez\u00e9s\t\t\t\t<\/span>\n\n\t\t\t\t\t\t\t<\/a>\n\t\t<\/div>\n\t\t\t\t\t\t<\/div>\n\t\t\t\t<\/div>\n\t\t\t\t<\/div>\n\t\t\t\t\t<\/div>\n\t\t\t\t<\/div>\n\t\t<div class=\"elementor-element elementor-element-cb59d57 wd-section-stretch-content e-flex e-con-boxed e-con e-parent\" data-id=\"cb59d57\" data-element_type=\"container\" data-e-type=\"container\">\n\t\t\t\t\t<div class=\"e-con-inner\">\n\t\t\t\t<div class=\"elementor-element elementor-element-8952366 wd-width-100 elementor-widget elementor-widget-wd_images_gallery\" data-id=\"8952366\" data-element_type=\"widget\" data-e-type=\"widget\" data-widget_type=\"wd_images_gallery.default\">\n\t\t\t\t<div class=\"elementor-widget-container\">\n\t\t\t\t\t\t\t<div class=\"wd-images-gallery photoswipe-images wd-carousel-container\" style=\"--wd-align-items:center; --wd-justify-content:center;\">\n\t\t\t\t\t\t\t<div class=\"wd-carousel-inner\">\n\t\t\t\t\t\t<div class=\"wd-carousel wd-grid\" data-scroll_per_page=\"yes\" style=\"--wd-col-lg:3;--wd-col-md:3;--wd-col-sm:1;--wd-gap-lg:20px;--wd-gap-sm:10px;\">\n\t\t\t\t\t\t\t\t\t<div class=\"wd-carousel-wrap\">\n\t\t\t\t\t\t\t\t\t\t\t\t\t\t\t\t\t\t<div class=\"wd-gallery-item wd-carousel-item\">\n\t\t\t\t\t\t\t\t\t\t\t\t\t<a  href=\"https:\/\/www.ecoflame.hu\/wp-content\/uploads\/2026\/02\/factory-6-exterior-building-1.jpg\" data-width=\"600\" data-height=\"338\" data-index=\"1\" data-elementor-open-lightbox=\"no\">\n\t\t\t\t\t\t\n\t\t\t\t\t\t<img loading=\"lazy\" decoding=\"async\" width=\"600\" height=\"338\" src=\"https:\/\/www.ecoflame.hu\/wp-content\/uploads\/2026\/02\/factory-6-exterior-building-1.jpg\" class=\"attachment-full size-full\" alt=\"factory-6-exterior-building\" srcset=\"https:\/\/www.ecoflame.hu\/wp-content\/uploads\/2026\/02\/factory-6-exterior-building-1.jpg 600w, https:\/\/www.ecoflame.hu\/wp-content\/uploads\/2026\/02\/factory-6-exterior-building-1-150x85.jpg 150w, https:\/\/www.ecoflame.hu\/wp-content\/uploads\/2026\/02\/factory-6-exterior-building-1-300x169.jpg 300w\" sizes=\"auto, (max-width: 600px) 100vw, 600px\" \/>\n\t\t\t\t\t\t\t\t\t\t\t\t\t<\/a>\n\t\t\t\t\t\t\t\t\t\t\t<\/div>\n\t\t\t\t\t\t\t\t\t\t\t\t\t\t\t<div class=\"wd-gallery-item wd-carousel-item\">\n\t\t\t\t\t\t\t\t\t\t\t\t\t<a  href=\"https:\/\/www.ecoflame.hu\/wp-content\/uploads\/2026\/02\/warehouse-1-forklift-loading-1.jpg\" data-width=\"600\" data-height=\"338\" data-index=\"2\" data-elementor-open-lightbox=\"no\">\n\t\t\t\t\t\t\n\t\t\t\t\t\t<img loading=\"lazy\" decoding=\"async\" width=\"600\" height=\"338\" src=\"https:\/\/www.ecoflame.hu\/wp-content\/uploads\/2026\/02\/warehouse-1-forklift-loading-1.jpg\" class=\"attachment-full size-full\" alt=\"discharging horse pellets from 2000 lb bulk bag into buckhorn centerflow seed box\" srcset=\"https:\/\/www.ecoflame.hu\/wp-content\/uploads\/2026\/02\/warehouse-1-forklift-loading-1.jpg 600w, https:\/\/www.ecoflame.hu\/wp-content\/uploads\/2026\/02\/warehouse-1-forklift-loading-1-150x85.jpg 150w, https:\/\/www.ecoflame.hu\/wp-content\/uploads\/2026\/02\/warehouse-1-forklift-loading-1-300x169.jpg 300w\" sizes=\"auto, (max-width: 600px) 100vw, 600px\" \/>\n\t\t\t\t\t\t\t\t\t\t\t\t\t<\/a>\n\t\t\t\t\t\t\t\t\t\t\t<\/div>\n\t\t\t\t\t\t\t\t\t\t\t\t\t\t\t<div class=\"wd-gallery-item wd-carousel-item\">\n\t\t\t\t\t\t\t\t\t\t\t\t\t<a  href=\"https:\/\/www.ecoflame.hu\/wp-content\/uploads\/2026\/02\/warehouse-2-storage-1.png\" data-width=\"600\" data-height=\"338\" data-index=\"3\" data-elementor-open-lightbox=\"no\">\n\t\t\t\t\t\t\n\t\t\t\t\t\t<img loading=\"lazy\" decoding=\"async\" width=\"600\" height=\"338\" src=\"https:\/\/www.ecoflame.hu\/wp-content\/uploads\/2026\/02\/warehouse-2-storage-1.png\" class=\"attachment-full size-full\" alt=\"warehouse-2-storage\" srcset=\"https:\/\/www.ecoflame.hu\/wp-content\/uploads\/2026\/02\/warehouse-2-storage-1.png 600w, https:\/\/www.ecoflame.hu\/wp-content\/uploads\/2026\/02\/warehouse-2-storage-1-150x85.png 150w, https:\/\/www.ecoflame.hu\/wp-content\/uploads\/2026\/02\/warehouse-2-storage-1-300x169.png 300w\" sizes=\"auto, (max-width: 600px) 100vw, 600px\" \/>\n\t\t\t\t\t\t\t\t\t\t\t\t\t<\/a>\n\t\t\t\t\t\t\t\t\t\t\t<\/div>\n\t\t\t\t\t\t\t\t\t\t\t\t\t\t\t\t<\/div>\n\t\t\t\t\t\t\t\t<\/div>\n\t\t\t\t\t\t\t\t\t\t\t\t\t\t<div class=\"wd-nav-arrows wd-pos-sep wd-hover-1 wd-icon-1\">\n\t\t\t<div class=\"wd-btn-arrow wd-prev wd-disabled\">\n\t\t\t\t<div class=\"wd-arrow-inner\"><\/div>\n\t\t\t<\/div>\n\t\t\t<div class=\"wd-btn-arrow wd-next\">\n\t\t\t\t<div class=\"wd-arrow-inner\"><\/div>\n\t\t\t<\/div>\n\t\t<\/div>\n\t\t\t\t\t\t\n\t\t\t\t<\/div>\n\n\t\t\t\t\t\t\t\t\t\t\t\t\t<\/div>\n\t\t\t\t\t\t<\/div>\n\t\t\t\t<\/div>\n\t\t\t\t\t<\/div>\n\t\t\t\t<\/div>\n\t\t\t\t\t<link rel=\"stylesheet\" id=\"wd-collapsible-content-css\" href=\"https:\/\/www.ecoflame.hu\/wp-content\/themes\/woodmart\/css\/parts\/elem-opt-collapsible-content.min.css?ver=8.3.9\" type=\"text\/css\" media=\"all\" \/> \t\t\t<div class=\"wd-negative-gap elementor-element elementor-element-f16dbad wd-collapsible-content e-flex e-con-boxed e-con e-parent\" data-id=\"f16dbad\" data-element_type=\"container\" data-e-type=\"container\">\n\t\t\t\t\t<div class=\"e-con-inner\">\n\t\t\t\t<div class=\"elementor-element elementor-element-101064d elementor-widget elementor-widget-wd_text_block\" data-id=\"101064d\" data-element_type=\"widget\" data-e-type=\"widget\" data-widget_type=\"wd_text_block.default\">\n\t\t\t\t<div class=\"elementor-widget-container\">\n\t\t\t\t\t\t\t<div class=\"wd-text-block reset-last-child text-left\">\n\t\t\t\n\t\t\t<h3><strong>Gy\u00e1rl\u00e1togat\u00e1s \u00e9s szem\u00e9lyes \u00e1tv\u00e9tel<\/strong><\/h3><p>Mindk\u00e9t telephely\u00fcnk\u00f6n lehet\u0151s\u00e9g van el\u0151zetes egyeztet\u00e9s ut\u00e1n szem\u00e9lyes \u00e1tv\u00e9telre. Nagyobb rendel\u00e9sek eset\u00e9n ez gyakran a legpraktikusabb megold\u00e1s, \u00e9s a sz\u00e1ll\u00edt\u00e1si k\u00f6lts\u00e9get is megsp\u00f3rolhatja.<\/p><p>Ha \u00e9rdekli a gy\u00e1rt\u00e1si folyamat, vagy csak k\u00edv\u00e1ncsi, hogyan lesz a f\u0171r\u00e9szporb\u00f3l pellet, sz\u00edvesen megmutatjuk. A k\u00f6zponti \u00fczem\u00fcnkben a teljes gy\u00e1rt\u00f3sort megtekintheti, \u00e9s sz\u00edvesen v\u00e1laszolunk a k\u00e9rd\u00e9seire.<\/p><p>L\u00e1togat\u00e1shoz k\u00e9rj\u00fck, egyeztessen id\u0151pontot telefonon vagy e-mailben.<\/p>\n\t\t\t\t\t<\/div>\n\t\t\t\t\t\t<\/div>\n\t\t\t\t<\/div>\n\t\t\t\t<div class=\"elementor-element elementor-element-45edd54 elementor-widget elementor-widget-wd_button\" data-id=\"45edd54\" data-element_type=\"widget\" data-e-type=\"widget\" data-widget_type=\"wd_button.default\">\n\t\t\t\t<div class=\"elementor-widget-container\">\n\t\t\t\t\t\t\t<div class=\"wd-button-wrapper text-left wd-collapsible-button\" >\n\t\t\t<a class=\"btn btn-style-link btn-shape- btn-size-default btn-color-primary btn-icon-pos-right\"  href=\"#\">\n\t\t\t\t<span class=\"wd-btn-text\" data-elementor-setting-key=\"text\">\n\t\t\t\t\tKapcsolatfelv\u00e9tel\t\t\t\t<\/span>\n\n\t\t\t\t\t\t\t<\/a>\n\t\t<\/div>\n\t\t\t\t\t\t<\/div>\n\t\t\t\t<\/div>\n\t\t\t\t\t<\/div>\n\t\t\t\t<\/div>\n\t\t\t\t<\/div>\n\t\t","protected":false},"excerpt":{"rendered":"<p>K\u00f6zponti \u00fczem &#8211; Dunaharaszti Ha szeretn\u00e9 a saj\u00e1t szem\u00e9vel l\u00e1tni, hogyan k\u00e9sz\u00fclnek a term\u00e9keink, l\u00e1togasson el k\u00f6zponti \u00fczem\u00fcnkbe. El\u0151zetes egyeztet\u00e9s<\/p>","protected":false},"author":1,"featured_media":0,"parent":0,"menu_order":0,"comment_status":"closed","ping_status":"closed","template":"","meta":{"footnotes":""},"class_list":["post-25","page","type-page","status-publish","hentry"],"_links":{"self":[{"href":"https:\/\/www.ecoflame.hu\/en\/wp-json\/wp\/v2\/pages\/25","targetHints":{"allow":["GET"]}}],"collection":[{"href":"https:\/\/www.ecoflame.hu\/en\/wp-json\/wp\/v2\/pages"}],"about":[{"href":"https:\/\/www.ecoflame.hu\/en\/wp-json\/wp\/v2\/types\/page"}],"author":[{"embeddable":true,"href":"https:\/\/www.ecoflame.hu\/en\/wp-json\/wp\/v2\/users\/1"}],"replies":[{"embeddable":true,"href":"https:\/\/www.ecoflame.hu\/en\/wp-json\/wp\/v2\/comments?post=25"}],"version-history":[{"count":39,"href":"https:\/\/www.ecoflame.hu\/en\/wp-json\/wp\/v2\/pages\/25\/revisions"}],"predecessor-version":[{"id":1959,"href":"https:\/\/www.ecoflame.hu\/en\/wp-json\/wp\/v2\/pages\/25\/revisions\/1959"}],"wp:attachment":[{"href":"https:\/\/www.ecoflame.hu\/en\/wp-json\/wp\/v2\/media?parent=25"}],"curies":[{"name":"wp","href":"https:\/\/api.w.org\/{rel}","templated":true}]}}