{"id":1541,"date":"2026-02-07T19:29:36","date_gmt":"2026-02-07T19:29:36","guid":{"rendered":"https:\/\/www.ecoflame.hu\/?product=ecoflame-ipari-fapaletta-enplus-b-15-kg"},"modified":"2026-02-07T19:29:37","modified_gmt":"2026-02-07T19:29:37","slug":"ecoflame-ipari-fapaletta-enplus-b-15-kg","status":"publish","type":"product","link":"https:\/\/www.ecoflame.hu\/en\/product\/ecoflame-ipari-fapaletta-enplus-b-15-kg\/","title":{"rendered":"EcoFlame Industrial Wood Pallet - ENplus B (15 kg)"},"content":{"rendered":"<h2>EcoFlame Ipari Fapaletta &#8211; ENplus B<\/h2>\n<p><strong>Gazdas\u00e1gos v\u00e1laszt\u00e1s<\/strong> ipari kaz\u00e1nokhoz \u00e9s nagy teljes\u00edtm\u00e9ny\u0171 f\u0171t\u0151rendszerekhez. Az ENplus B min\u0151s\u00edt\u00e9s\u0171 pellet ide\u00e1lis nagyobb \u00e9g\u00e9st\u00e9rrel rendelkez\u0151 berendez\u00e9sekhez.<\/p>\n<h3>Specifications:<\/h3>\n<ul>\n<li><strong>Classification:<\/strong> ENplus B<\/li>\n<li><strong>Heating value:<\/strong> \u2265 17 MJ\/kg<\/li>\n<li><strong>Ash content:<\/strong> < 2.0%<\/li>\n<li><strong>Moisture content:<\/strong> < 10%<\/li>\n<li><strong>Diameter:<\/strong> 8 mm<\/li>\n<li><strong>Length:<\/strong> 10-40 mm<\/li>\n<\/ul>\n<h3>Aj\u00e1nlott felhaszn\u00e1l\u00e1s:<\/h3>\n<ul>\n<li>Ipari pelletkaz\u00e1nok<\/li>\n<li>Mez\u0151gazdas\u00e1gi \u00e9p\u00fcletek f\u0171t\u00e9se<\/li>\n<li>\u00dczemcsarnokok, rakt\u00e1rak<\/li>\n<li>Nagykereskedelmi v\u00e1s\u00e1rl\u00f3k<\/li>\n<\/ul>\n<p><strong>Nagykereskedelmi \u00e1rak<\/strong> el\u00e9rhet\u0151k 5 tonna feletti rendel\u00e9sn\u00e9l!<\/p>","protected":false},"excerpt":{"rendered":"<p>Gazdas\u00e1gos ipari fapaletta nagy teljes\u00edtm\u00e9ny\u0171 kaz\u00e1nokhoz. ENplus B min\u0151s\u00edt\u00e9s.<\/p>","protected":false},"featured_media":1525,"comment_status":"open","ping_status":"closed","template":"","meta":[],"product_brand":[],"product_cat":[32],"product_tag":[75],"class_list":{"0":"post-1541","1":"product","2":"type-product","3":"status-publish","4":"has-post-thumbnail","6":"product_cat-fapellet","7":"product_tag-ipari-pellet-enplus-b-nagykereskedelem-kazan-tuzeloanyag","9":"first","10":"instock","11":"taxable","12":"shipping-taxable","13":"purchasable","14":"product-type-simple"},"_links":{"self":[{"href":"https:\/\/www.ecoflame.hu\/en\/wp-json\/wp\/v2\/product\/1541","targetHints":{"allow":["GET"]}}],"collection":[{"href":"https:\/\/www.ecoflame.hu\/en\/wp-json\/wp\/v2\/product"}],"about":[{"href":"https:\/\/www.ecoflame.hu\/en\/wp-json\/wp\/v2\/types\/product"}],"replies":[{"embeddable":true,"href":"https:\/\/www.ecoflame.hu\/en\/wp-json\/wp\/v2\/comments?post=1541"}],"version-history":[{"count":0,"href":"https:\/\/www.ecoflame.hu\/en\/wp-json\/wp\/v2\/product\/1541\/revisions"}],"wp:featuredmedia":[{"embeddable":true,"href":"https:\/\/www.ecoflame.hu\/en\/wp-json\/wp\/v2\/media\/1525"}],"wp:attachment":[{"href":"https:\/\/www.ecoflame.hu\/en\/wp-json\/wp\/v2\/media?parent=1541"}],"wp:term":[{"taxonomy":"product_brand","embeddable":true,"href":"https:\/\/www.ecoflame.hu\/en\/wp-json\/wp\/v2\/product_brand?post=1541"},{"taxonomy":"product_cat","embeddable":true,"href":"https:\/\/www.ecoflame.hu\/en\/wp-json\/wp\/v2\/product_cat?post=1541"},{"taxonomy":"product_tag","embeddable":true,"href":"https:\/\/www.ecoflame.hu\/en\/wp-json\/wp\/v2\/product_tag?post=1541"}],"curies":[{"name":"wp","href":"https:\/\/api.w.org\/{rel}","templated":true}]}}