{"id":1553,"date":"2026-02-07T19:29:42","date_gmt":"2026-02-07T19:29:42","guid":{"rendered":"https:\/\/www.ecoflame.hu\/?product=kandallo-uveg-tisztito-500-ml"},"modified":"2026-02-07T19:29:42","modified_gmt":"2026-02-07T19:29:42","slug":"kandallo-uveg-tisztito-500-ml","status":"publish","type":"product","link":"https:\/\/www.ecoflame.hu\/en\/product\/kandallo-uveg-tisztito-500-ml\/","title":{"rendered":"Fireplace Glass Cleaner - 500 ml"},"content":{"rendered":"<h2>Fireplace Glass Cleaner - 500 ml<\/h2>\n<p><strong>Professzion\u00e1lis hat\u00e9konys\u00e1g\u00fa<\/strong> kandall\u00f3 \u00fcvegtiszt\u00edt\u00f3 spray. Elt\u00e1vol\u00edtja a koromot, kormot \u00e9s zs\u00edrlerak\u00f3d\u00e1st a k\u00e1lyha- \u00e9s kandall\u00f3\u00fcvegekr\u0151l.<\/p>\n<h3>Features:<\/h3>\n<ul>\n<li><strong>Dispensing:<\/strong> 500 ml spray<\/li>\n<li><strong>Hat\u00f3anyag:<\/strong> Amm\u00f3niamentes<\/li>\n<li><strong>Usage:<\/strong> Hideg \u00fcvegen<\/li>\n<li><strong>Sufficient:<\/strong> ~50 tiszt\u00edt\u00e1shoz<\/li>\n<li><strong>Illat:<\/strong> Semleges<\/li>\n<\/ul>\n<h3>Haszn\u00e1lati \u00fatmutat\u00f3:<\/h3>\n<ol>\n<li>V\u00e1rja meg, am\u00edg az \u00fcveg teljesen kih\u0171l<\/li>\n<li>Permetezze az \u00fcvegre a tiszt\u00edt\u00f3szert<\/li>\n<li>Hagyja hatni 2-3 percig<\/li>\n<li>T\u00f6r\u00f6lje le sz\u00e1raz ronggyal vagy pap\u00edrt\u00f6rl\u0151vel<\/li>\n<li>Sz\u00fcks\u00e9g eset\u00e9n ism\u00e9telje meg<\/li>\n<\/ol>\n<h3>Benefits:<\/h3>\n<ul>\n<li>Nem karcolja az \u00fcveget<\/li>\n<li>Amm\u00f3niamentes &#8211; biztons\u00e1gos<\/li>\n<li>Hat\u00e9konyan oldja a kormot<\/li>\n<li>Gazdas\u00e1gos kiszerel\u00e9s<\/li>\n<\/ul>","protected":false},"excerpt":{"rendered":"<p>Professzion\u00e1lis \u00fcvegtiszt\u00edt\u00f3 spray kandall\u00f3khoz. Amm\u00f3niamentes, nem karcolja az \u00fcveget.<\/p>","protected":false},"featured_media":1536,"comment_status":"open","ping_status":"closed","template":"","meta":[],"product_brand":[],"product_cat":[92],"product_tag":[95],"class_list":{"0":"post-1553","1":"product","2":"type-product","3":"status-publish","4":"has-post-thumbnail","6":"product_cat-kiegeszitok","7":"product_tag-uvegtisztito-kandallo-korom-tisztitoszer","9":"first","10":"instock","11":"taxable","12":"shipping-taxable","13":"purchasable","14":"product-type-simple"},"_links":{"self":[{"href":"https:\/\/www.ecoflame.hu\/en\/wp-json\/wp\/v2\/product\/1553","targetHints":{"allow":["GET"]}}],"collection":[{"href":"https:\/\/www.ecoflame.hu\/en\/wp-json\/wp\/v2\/product"}],"about":[{"href":"https:\/\/www.ecoflame.hu\/en\/wp-json\/wp\/v2\/types\/product"}],"replies":[{"embeddable":true,"href":"https:\/\/www.ecoflame.hu\/en\/wp-json\/wp\/v2\/comments?post=1553"}],"version-history":[{"count":0,"href":"https:\/\/www.ecoflame.hu\/en\/wp-json\/wp\/v2\/product\/1553\/revisions"}],"wp:featuredmedia":[{"embeddable":true,"href":"https:\/\/www.ecoflame.hu\/en\/wp-json\/wp\/v2\/media\/1536"}],"wp:attachment":[{"href":"https:\/\/www.ecoflame.hu\/en\/wp-json\/wp\/v2\/media?parent=1553"}],"wp:term":[{"taxonomy":"product_brand","embeddable":true,"href":"https:\/\/www.ecoflame.hu\/en\/wp-json\/wp\/v2\/product_brand?post=1553"},{"taxonomy":"product_cat","embeddable":true,"href":"https:\/\/www.ecoflame.hu\/en\/wp-json\/wp\/v2\/product_cat?post=1553"},{"taxonomy":"product_tag","embeddable":true,"href":"https:\/\/www.ecoflame.hu\/en\/wp-json\/wp\/v2\/product_tag?post=1553"}],"curies":[{"name":"wp","href":"https:\/\/api.w.org\/{rel}","templated":true}]}}