{"id":1619,"date":"2026-02-07T19:43:11","date_gmt":"2026-02-07T19:43:11","guid":{"rendered":"https:\/\/www.ecoflame.hu\/?product=ecoflame-100-tolgyfa-pellet-premium-15-kg"},"modified":"2026-02-07T19:43:12","modified_gmt":"2026-02-07T19:43:12","slug":"ecoflame-100-tolgyfa-pellet-premium-15-kg","status":"publish","type":"product","link":"https:\/\/www.ecoflame.hu\/en\/product\/ecoflame-100-tolgyfa-pellet-premium-15-kg\/","title":{"rendered":"EcoFlame 100% Oak wood pellets - Premium (15 kg)"},"content":{"rendered":"<h2>EcoFlame 100% T\u00f6lgyfa Pellet<\/h2>\n<p><strong>A legtiszt\u00e1bb v\u00e1laszt\u00e1s<\/strong> &#8211; kiz\u00e1r\u00f3lag t\u00f6lgyf\u00e1b\u00f3l k\u00e9sz\u00fclt pr\u00e9mium fapaletta. A t\u00f6lgyfa term\u00e9szetesen magas f\u0171t\u0151\u00e9rt\u00e9kkel rendelkezik.<\/p>\n<h3>Technical data:<\/h3>\n<ul>\n<li><strong>Composition:<\/strong> 100% oak<\/li>\n<li><strong>Heating value:<\/strong> \u2265 18.8 MJ\/kg<\/li>\n<li><strong>Ash content:<\/strong> < 0.5%<\/li>\n<li><strong>Moisture content:<\/strong> < 7%<\/li>\n<li><strong>S\u0171r\u0171s\u00e9g:<\/strong> > 650 kg\/m\u00b3<\/li>\n<\/ul>\n<h3>A t\u00f6lgy pellet el\u0151nyei:<\/h3>\n<ul>\n<li>Legmagasabb f\u0171t\u0151\u00e9rt\u00e9k a fapalettek k\u00f6z\u00f6tt<\/li>\n<li>Egyenletes, stabil \u00e9g\u00e9s<\/li>\n<li>Minimum ash formation<\/li>\n<li>Kellemes, term\u00e9szetes illat<\/li>\n<\/ul>","protected":false},"excerpt":{"rendered":"<p>100% tiszta t\u00f6lgyf\u00e1b\u00f3l k\u00e9sz\u00fclt pr\u00e9mium pellet. Maxim\u00e1lis f\u0171t\u0151\u00e9rt\u00e9k, kiv\u00e1l\u00f3 \u00e9g\u00e9si tulajdons\u00e1gok.<\/p>","protected":false},"featured_media":1588,"comment_status":"open","ping_status":"closed","template":"","meta":[],"product_brand":[],"product_cat":[32],"product_tag":[99],"class_list":{"0":"post-1619","1":"product","2":"type-product","3":"status-publish","4":"has-post-thumbnail","6":"product_cat-fapellet","7":"product_tag-tolgy-pellet-oak-pellet-100-tolgy-premium-pellet","9":"first","10":"instock","11":"taxable","12":"shipping-taxable","13":"purchasable","14":"product-type-simple"},"_links":{"self":[{"href":"https:\/\/www.ecoflame.hu\/en\/wp-json\/wp\/v2\/product\/1619","targetHints":{"allow":["GET"]}}],"collection":[{"href":"https:\/\/www.ecoflame.hu\/en\/wp-json\/wp\/v2\/product"}],"about":[{"href":"https:\/\/www.ecoflame.hu\/en\/wp-json\/wp\/v2\/types\/product"}],"replies":[{"embeddable":true,"href":"https:\/\/www.ecoflame.hu\/en\/wp-json\/wp\/v2\/comments?post=1619"}],"version-history":[{"count":0,"href":"https:\/\/www.ecoflame.hu\/en\/wp-json\/wp\/v2\/product\/1619\/revisions"}],"wp:featuredmedia":[{"embeddable":true,"href":"https:\/\/www.ecoflame.hu\/en\/wp-json\/wp\/v2\/media\/1588"}],"wp:attachment":[{"href":"https:\/\/www.ecoflame.hu\/en\/wp-json\/wp\/v2\/media?parent=1619"}],"wp:term":[{"taxonomy":"product_brand","embeddable":true,"href":"https:\/\/www.ecoflame.hu\/en\/wp-json\/wp\/v2\/product_brand?post=1619"},{"taxonomy":"product_cat","embeddable":true,"href":"https:\/\/www.ecoflame.hu\/en\/wp-json\/wp\/v2\/product_cat?post=1619"},{"taxonomy":"product_tag","embeddable":true,"href":"https:\/\/www.ecoflame.hu\/en\/wp-json\/wp\/v2\/product_tag?post=1619"}],"curies":[{"name":"wp","href":"https:\/\/api.w.org\/{rel}","templated":true}]}}