{"id":1628,"date":"2026-02-07T19:43:16","date_gmt":"2026-02-07T19:43:16","guid":{"rendered":"https:\/\/www.ecoflame.hu\/?product=ecoflame-akac-tuzifa-kemenyfa-1-raklap"},"modified":"2026-02-07T19:43:17","modified_gmt":"2026-02-07T19:43:17","slug":"ecoflame-akac-tuzifa-kemenyfa-1-raklap","status":"publish","type":"product","link":"https:\/\/www.ecoflame.hu\/en\/product\/ecoflame-akac-tuzifa-kemenyfa-1-raklap\/","title":{"rendered":"EcoFlame Acacia Firewood - Hardwood (1 pallet)"},"content":{"rendered":"<h2>EcoFlame Ak\u00e1c T\u0171zifa &#8211; Kem\u00e9nyfa<\/h2>\n<p><strong>Kiv\u00e1l\u00f3 v\u00e1laszt\u00e1s<\/strong> &#8211; az ak\u00e1c az egyik legkem\u00e9nyebb hazai fafajta, amely magas f\u0171t\u0151\u00e9rt\u00e9kkel \u00e9s hossz\u00fa \u00e9g\u00e9si id\u0151vel rendelkezik.<\/p>\n<h3>M\u0171szaki jellemz\u0151k:<\/h3>\n<ul>\n<li><strong>Tree species:<\/strong> 100% ak\u00e1c<\/li>\n<li><strong>Tulajdons\u00e1g:<\/strong> Term\u00e9szetesen tart\u00f3s<\/li>\n<li><strong>Heating value:<\/strong> Magas (a t\u00f6lgyh\u00f6z hasonl\u00f3)<\/li>\n<li><strong>Piece length:<\/strong> 25-33 cm<\/li>\n<li><strong>Quantity:<\/strong> 1 pallet<\/li>\n<\/ul>\n<h3>Az ak\u00e1c t\u0171zifa jellemz\u0151i:<\/h3>\n<ul>\n<li>Gyorsan sz\u00e1rad<\/li>\n<li>Magas f\u0171t\u0151\u00e9rt\u00e9k<\/li>\n<li>Tart\u00f3s, kem\u00e9ny fa<\/li>\n<li>J\u00f3l has\u00edthat\u00f3<\/li>\n<\/ul>","protected":false},"excerpt":{"rendered":"<p>Ak\u00e1c kem\u00e9nyfa t\u0171zifa, kiv\u00e1l\u00f3 f\u0171t\u0151\u00e9rt\u00e9kkel. Gyorsan sz\u00e1rad\u00f3, tart\u00f3s fafajta.<\/p>","protected":false},"featured_media":1571,"comment_status":"open","ping_status":"closed","template":"","meta":[],"product_brand":[],"product_cat":[33],"product_tag":[112],"class_list":{"0":"post-1628","1":"product","2":"type-product","3":"status-publish","4":"has-post-thumbnail","6":"product_cat-tuzifa","7":"product_tag-akac-tuzifa-acacia-firewood-kemenyfa-szaritott-tuzifa","9":"first","10":"instock","11":"taxable","12":"shipping-taxable","13":"purchasable","14":"product-type-simple"},"_links":{"self":[{"href":"https:\/\/www.ecoflame.hu\/en\/wp-json\/wp\/v2\/product\/1628","targetHints":{"allow":["GET"]}}],"collection":[{"href":"https:\/\/www.ecoflame.hu\/en\/wp-json\/wp\/v2\/product"}],"about":[{"href":"https:\/\/www.ecoflame.hu\/en\/wp-json\/wp\/v2\/types\/product"}],"replies":[{"embeddable":true,"href":"https:\/\/www.ecoflame.hu\/en\/wp-json\/wp\/v2\/comments?post=1628"}],"version-history":[{"count":0,"href":"https:\/\/www.ecoflame.hu\/en\/wp-json\/wp\/v2\/product\/1628\/revisions"}],"wp:featuredmedia":[{"embeddable":true,"href":"https:\/\/www.ecoflame.hu\/en\/wp-json\/wp\/v2\/media\/1571"}],"wp:attachment":[{"href":"https:\/\/www.ecoflame.hu\/en\/wp-json\/wp\/v2\/media?parent=1628"}],"wp:term":[{"taxonomy":"product_brand","embeddable":true,"href":"https:\/\/www.ecoflame.hu\/en\/wp-json\/wp\/v2\/product_brand?post=1628"},{"taxonomy":"product_cat","embeddable":true,"href":"https:\/\/www.ecoflame.hu\/en\/wp-json\/wp\/v2\/product_cat?post=1628"},{"taxonomy":"product_tag","embeddable":true,"href":"https:\/\/www.ecoflame.hu\/en\/wp-json\/wp\/v2\/product_tag?post=1628"}],"curies":[{"name":"wp","href":"https:\/\/api.w.org\/{rel}","templated":true}]}}