{"id":1638,"date":"2026-02-07T19:43:21","date_gmt":"2026-02-07T19:43:21","guid":{"rendered":"https:\/\/www.ecoflame.hu\/?product=ecoflame-fatuzelesu-kalyha-klasszikus-8-kw"},"modified":"2026-02-07T19:43:22","modified_gmt":"2026-02-07T19:43:22","slug":"ecoflame-fatuzelesu-kalyha-klasszikus-8-kw","status":"publish","type":"product","link":"https:\/\/www.ecoflame.hu\/en\/product\/ecoflame-fatuzelesu-kalyha-klasszikus-8-kw\/","title":{"rendered":"EcoFlame Woodburning Stove - Classic (8 kW)"},"content":{"rendered":"<h2>EcoFlame Fat\u00fczel\u00e9s\u0171 K\u00e1lyha &#8211; Klasszikus<\/h2>\n<p><strong>Hagyom\u00e1ny \u00e9s min\u0151s\u00e9g<\/strong> &#8211; klasszikus \u00f6nt\u00f6ttvas k\u00e1lyha, amely gener\u00e1ci\u00f3kra sz\u00f3l\u00f3 befektet\u00e9s. Id\u0151tlen diz\u00e1jn, megb\u00edzhat\u00f3 m\u0171k\u00f6d\u00e9s.<\/p>\n<h3>M\u0171szaki jellemz\u0151k:<\/h3>\n<ul>\n<li><strong>Teljes\u00edtm\u00e9ny:<\/strong> 8 kW<\/li>\n<li><strong>F\u0171thet\u0151 ter\u00fclet:<\/strong> 60-80 m\u00b2<\/li>\n<li><strong>Anyag:<\/strong> \u00d6nt\u00f6ttvas<\/li>\n<li><strong>\u00c9g\u00e9st\u00e9r:<\/strong> Samott b\u00e9l\u00e9ssel<\/li>\n<li><strong>Hat\u00e1sfok:<\/strong> > 78%<\/li>\n<\/ul>\n<h3>Benefits:<\/h3>\n<ul>\n<li>Tart\u00f3s \u00f6nt\u00f6ttvas kivitel<\/li>\n<li>Uniform heat transfer<\/li>\n<li>Hossz\u00fa \u00e9lettartam<\/li>\n<li>Klasszikus megjelen\u00e9s<\/li>\n<\/ul>","protected":false},"excerpt":{"rendered":"<p>Klasszikus \u00f6nt\u00f6ttvas fat\u00fczel\u00e9s\u0171 k\u00e1lyha 8 kW teljes\u00edtm\u00e9nnyel. Id\u0151tlen elegancia.<\/p>","protected":false},"featured_media":1576,"comment_status":"open","ping_status":"closed","template":"","meta":[],"product_brand":[],"product_cat":[26],"product_tag":[122],"class_list":{"0":"post-1638","1":"product","2":"type-product","3":"status-publish","4":"has-post-thumbnail","6":"product_cat-kalyhak-kazanok","7":"product_tag-fatuzelesu-kalyha-ontottvas-kalyha-klasszikus-kalyha-fa-kalyha","9":"first","10":"instock","11":"taxable","12":"shipping-taxable","13":"purchasable","14":"product-type-simple"},"_links":{"self":[{"href":"https:\/\/www.ecoflame.hu\/en\/wp-json\/wp\/v2\/product\/1638","targetHints":{"allow":["GET"]}}],"collection":[{"href":"https:\/\/www.ecoflame.hu\/en\/wp-json\/wp\/v2\/product"}],"about":[{"href":"https:\/\/www.ecoflame.hu\/en\/wp-json\/wp\/v2\/types\/product"}],"replies":[{"embeddable":true,"href":"https:\/\/www.ecoflame.hu\/en\/wp-json\/wp\/v2\/comments?post=1638"}],"version-history":[{"count":0,"href":"https:\/\/www.ecoflame.hu\/en\/wp-json\/wp\/v2\/product\/1638\/revisions"}],"wp:featuredmedia":[{"embeddable":true,"href":"https:\/\/www.ecoflame.hu\/en\/wp-json\/wp\/v2\/media\/1576"}],"wp:attachment":[{"href":"https:\/\/www.ecoflame.hu\/en\/wp-json\/wp\/v2\/media?parent=1638"}],"wp:term":[{"taxonomy":"product_brand","embeddable":true,"href":"https:\/\/www.ecoflame.hu\/en\/wp-json\/wp\/v2\/product_brand?post=1638"},{"taxonomy":"product_cat","embeddable":true,"href":"https:\/\/www.ecoflame.hu\/en\/wp-json\/wp\/v2\/product_cat?post=1638"},{"taxonomy":"product_tag","embeddable":true,"href":"https:\/\/www.ecoflame.hu\/en\/wp-json\/wp\/v2\/product_tag?post=1638"}],"curies":[{"name":"wp","href":"https:\/\/api.w.org\/{rel}","templated":true}]}}