{"id":1823,"date":"2026-02-08T15:02:40","date_gmt":"2026-02-08T14:02:40","guid":{"rendered":"https:\/\/www.ecoflame.hu\/?page_id=1823"},"modified":"2026-03-12T16:38:52","modified_gmt":"2026-03-12T15:38:52","slug":"gyik","status":"publish","type":"page","link":"https:\/\/www.ecoflame.hu\/ru\/gyik\/","title":{"rendered":"\u0427\u0430\u0412\u043e"},"content":{"rendered":"<div data-elementor-type=\"wp-page\" data-elementor-id=\"1823\" class=\"elementor elementor-1823\">\n\t\t\t\t<div class=\"wd-negative-gap elementor-element elementor-element-3a539ca4 e-flex e-con-boxed e-con e-parent\" data-id=\"3a539ca4\" data-element_type=\"container\" data-e-type=\"container\">\n\t\t\t\t\t<div class=\"e-con-inner\">\n\t\t\t\t<div class=\"elementor-element elementor-element-dfdab6c elementor-widget elementor-widget-heading\" data-id=\"dfdab6c\" data-element_type=\"widget\" data-e-type=\"widget\" data-widget_type=\"heading.default\">\n\t\t\t\t\t<h2 class=\"elementor-heading-title elementor-size-default\">\u0421\u043a\u043e\u043b\u044c\u043a\u043e \u0432\u0440\u0435\u043c\u0435\u043d\u0438 \u0437\u0430\u043d\u0438\u043c\u0430\u0435\u0442 \u0434\u043e\u0441\u0442\u0430\u0432\u043a\u0430 \u0437\u0430\u043a\u0430\u0437\u0430?<\/h2>\t\t\t\t<\/div>\n\t\t\t\t\t<\/div>\n\t\t\t\t<\/div>\n\t\t<div class=\"wd-negative-gap elementor-element elementor-element-ef7e7be e-flex e-con-boxed e-con e-parent\" data-id=\"ef7e7be\" data-element_type=\"container\" data-e-type=\"container\">\n\t\t\t\t\t<div class=\"e-con-inner\">\n\t\t\t\t<div class=\"elementor-element elementor-element-bd0b392 elementor-widget elementor-widget-wd_accordion\" data-id=\"bd0b392\" data-element_type=\"widget\" data-e-type=\"widget\" data-widget_type=\"wd_accordion.default\">\n\t\t\t\t<div class=\"elementor-widget-container\">\n\t\t\t\t\t\n\t\t<div class=\"wd-accordion wd-style-default wd-titles-left wd-opener-pos-left wd-opener-style-arrow\" data-state=\"all_closed\">\n\t\t\t\t\t\t\t\n\t\t\t\t<div class=\"wd-accordion-item\">\n\t\t\t\t\t<div class=\"wd-accordion-title wd-role-btn\" data-accordion-index=\"0\" tabindex=\"0\">\n\t\t\t\t\t\t<div class=\"wd-accordion-title-text\">\n\t\t\t\t\t\t\t\t\t\t\t\t\t\t<span>\n\t\t\t\t\t\t\t\t\u0421\u043a\u043e\u043b\u044c\u043a\u043e \u0432\u0440\u0435\u043c\u0435\u043d\u0438 \u0437\u0430\u043d\u0438\u043c\u0430\u0435\u0442 \u0434\u043e\u0441\u0442\u0430\u0432\u043a\u0430 \u0437\u0430\u043a\u0430\u0437\u0430?\t\t\t\t\t\t\t<\/span>\n\t\t\t\t\t\t<\/div>\n\t\t\t\t\t\t<span class=\"wd-accordion-opener\"><\/span>\n\t\t\t\t\t<\/div>\n\n\t\t\t\t\t<div class=\"wd-accordion-content wd-entry-content\" data-accordion-index=\"0\">\n\t\t\t\t\t\t\t\t\t\t\t\t\t\n\t\t\t\t\t\t\t<p>\u0411\u043e\u043b\u044c\u0448\u0438\u043d\u0441\u0442\u0432\u043e \u0437\u0430\u043a\u0430\u0437\u043e\u0432 \u0434\u043e\u0441\u0442\u0430\u0432\u043b\u044f\u0435\u0442\u0441\u044f \u0432 \u0442\u0435\u0447\u0435\u043d\u0438\u0435 1-3 \u0440\u0430\u0431\u043e\u0447\u0438\u0445 \u0434\u043d\u0435\u0439. \u0414\u043b\u044f \u043a\u0440\u0443\u043f\u043d\u044b\u0445 \u0437\u0430\u043a\u0430\u0437\u043e\u0432 \u0438\u043b\u0438 \u0432 \u0441\u0435\u0437\u043e\u043d\u043d\u044b\u0435 \u043f\u0438\u043a\u043e\u0432\u044b\u0435 \u043f\u0435\u0440\u0438\u043e\u0434\u044b \u0434\u043e\u0441\u0442\u0430\u0432\u043a\u0430 \u043e\u0441\u0443\u0449\u0435\u0441\u0442\u0432\u043b\u044f\u0435\u0442\u0441\u044f<br \/>\u042d\u0442\u043e \u043c\u043e\u0436\u0435\u0442 \u0437\u0430\u043d\u044f\u0442\u044c 3-5 \u0440\u0430\u0431\u043e\u0447\u0438\u0445 \u0434\u043d\u0435\u0439.<\/p>\n\t\t\t\t\t\t\t\t\t\t\t\t\t\t\t\t\t\t<\/div>\n\t\t\t\t<\/div>\n\t\t\t\t\t\t\t\n\t\t\t\t<div class=\"wd-accordion-item\">\n\t\t\t\t\t<div class=\"wd-accordion-title wd-role-btn\" data-accordion-index=\"1\" tabindex=\"0\">\n\t\t\t\t\t\t<div class=\"wd-accordion-title-text\">\n\t\t\t\t\t\t\t\t\t\t\t\t\t\t<span>\n\t\t\t\t\t\t\t\t\u041a\u0430\u043a\u0438\u0435 \u0441\u043f\u043e\u0441\u043e\u0431\u044b \u043e\u043f\u043b\u0430\u0442\u044b \u0434\u043e\u0441\u0442\u0443\u043f\u043d\u044b?\t\t\t\t\t\t\t<\/span>\n\t\t\t\t\t\t<\/div>\n\t\t\t\t\t\t<span class=\"wd-accordion-opener\"><\/span>\n\t\t\t\t\t<\/div>\n\n\t\t\t\t\t<div class=\"wd-accordion-content wd-entry-content\" data-accordion-index=\"1\">\n\t\t\t\t\t\t\t\t\t\t\t\t\t\n\t\t\t\t\t\t\t<p>\u041d\u0430\u0448 \u0438\u043d\u0442\u0435\u0440\u043d\u0435\u0442-\u043c\u0430\u0433\u0430\u0437\u0438\u043d \u0442\u0430\u043a\u0436\u0435 \u043f\u0440\u0435\u0434\u043b\u0430\u0433\u0430\u0435\u0442 \u043e\u043f\u043b\u0430\u0442\u0443 \u043a\u0440\u0435\u0434\u0438\u0442\u043d\u044b\u043c\u0438 \u043a\u0430\u0440\u0442\u0430\u043c\u0438, \u0431\u0430\u043d\u043a\u043e\u0432\u0441\u043a\u0438\u043c\u0438 \u043f\u0435\u0440\u0435\u0432\u043e\u0434\u0430\u043c\u0438 \u0438 \u043d\u0430\u043b\u043e\u0436\u0435\u043d\u043d\u044b\u043c \u043f\u043b\u0430\u0442\u0435\u0436\u043e\u043c (\u0435\u0441\u043b\u0438 \u043f\u0440\u0438\u043c\u0435\u043d\u0438\u043c\u043e).<\/p>\n\t\t\t\t\t\t\t\t\t\t\t\t\t\t\t\t\t\t<\/div>\n\t\t\t\t<\/div>\n\t\t\t\t\t\t\t\n\t\t\t\t<div class=\"wd-accordion-item\">\n\t\t\t\t\t<div class=\"wd-accordion-title wd-role-btn\" data-accordion-index=\"2\" tabindex=\"0\">\n\t\t\t\t\t\t<div class=\"wd-accordion-title-text\">\n\t\t\t\t\t\t\t\t\t\t\t\t\t\t<span>\n\t\t\t\t\t\t\t\t\u041a\u0430\u043a\u043e\u0432\u043e \u043c\u0438\u043d\u0438\u043c\u0430\u043b\u044c\u043d\u043e\u0435 \u043a\u043e\u043b\u0438\u0447\u0435\u0441\u0442\u0432\u043e \u0437\u0430\u043a\u0430\u0437\u0430?\t\t\t\t\t\t\t<\/span>\n\t\t\t\t\t\t<\/div>\n\t\t\t\t\t\t<span class=\"wd-accordion-opener\"><\/span>\n\t\t\t\t\t<\/div>\n\n\t\t\t\t\t<div class=\"wd-accordion-content wd-entry-content\" data-accordion-index=\"2\">\n\t\t\t\t\t\t\t\t\t\t\t\t\t\n\t\t\t\t\t\t\t<p data-start=\"121\" data-end=\"304\">\u041c\u0438\u043d\u0438\u043c\u0430\u043b\u044c\u043d\u043e\u0435 \u043a\u043e\u043b\u0438\u0447\u0435\u0441\u0442\u0432\u043e \u0437\u0430\u043a\u0430\u0437\u0430 \u0437\u0430\u0432\u0438\u0441\u0438\u0442 \u043e\u0442 \u043f\u0440\u043e\u0434\u0443\u043a\u0442\u0430, \u043d\u043e \u0432 \u0431\u043e\u043b\u044c\u0448\u0438\u043d\u0441\u0442\u0432\u0435 \u0441\u043b\u0443\u0447\u0430\u0435\u0432 <strong data-start=\"196\" data-end=\"208\">1 \u043f\u043e\u0434\u0434\u043e\u043d<\/strong> \u044d\u0442\u043e \u0441\u0430\u043c\u0430\u044f \u043c\u0430\u043b\u0435\u043d\u044c\u043a\u0430\u044f \u0435\u0434\u0438\u043d\u0438\u0446\u0430 \u0437\u0430\u043a\u0430\u0437\u0430. \u042d\u0442\u043e \u043e\u0431\u0435\u0441\u043f\u0435\u0447\u0438\u0432\u0430\u0435\u0442 \u0431\u0435\u0437\u043e\u043f\u0430\u0441\u043d\u0443\u044e \u0442\u0440\u0430\u043d\u0441\u043f\u043e\u0440\u0442\u0438\u0440\u043e\u0432\u043a\u0443 \u0438 \u044d\u0444\u0444\u0435\u043a\u0442\u0438\u0432\u043d\u0443\u044e \u043b\u043e\u0433\u0438\u0441\u0442\u0438\u043a\u0443.<\/p><p data-start=\"306\" data-end=\"436\">\u041e\u0431\u044b\u0447\u043d\u043e \u043e\u0434\u0438\u043d \u043f\u043e\u0434\u0434\u043e\u043d <strong data-start=\"327\" data-end=\"341\">60-70 \u043c\u0435\u0448\u043a\u043e\u0432<\/strong> \u0433\u0440\u0430\u043d\u0443\u043b\u044b (\u043e\u043a. <strong data-start=\"366\" data-end=\"381\">900-1050 \u043a\u0433<\/strong>), \u043d\u043e \u044d\u0442\u043e \u043c\u043e\u0436\u0435\u0442 \u0437\u0430\u0432\u0438\u0441\u0435\u0442\u044c \u043e\u0442 \u0442\u0438\u043f\u0430 \u043f\u0440\u043e\u0434\u0443\u043a\u0442\u0430 \u0438 \u0443\u043f\u0430\u043a\u043e\u0432\u043a\u0438.<\/p><p data-start=\"438\" data-end=\"582\">\u0415\u0441\u043b\u0438 \u0432\u044b \u0445\u043e\u0442\u0438\u0442\u0435 \u0437\u0430\u043a\u0430\u0437\u0430\u0442\u044c \u043c\u0435\u043d\u044c\u0448\u0435\u0435 \u043a\u043e\u043b\u0438\u0447\u0435\u0441\u0442\u0432\u043e, \u043f\u043e\u0436\u0430\u043b\u0443\u0439\u0441\u0442\u0430, \u0441\u0432\u044f\u0436\u0438\u0442\u0435\u0441\u044c \u0441 \u043d\u0430\u043c\u0438, \u043f\u043e\u0442\u043e\u043c\u0443 \u0447\u0442\u043e \u0432 \u043d\u0435\u043a\u043e\u0442\u043e\u0440\u044b\u0445 \u0441\u043b\u0443\u0447\u0430\u044f\u0445 <strong data-start=\"542\" data-end=\"562\">\u0443\u043d\u0438\u043a\u0430\u043b\u044c\u043d\u043e\u0435 \u0440\u0435\u0448\u0435\u043d\u0438\u0435<\/strong> \u043c\u044b \u0442\u0430\u043a\u0436\u0435 \u043c\u043e\u0436\u0435\u043c \u043f\u0440\u0435\u0434\u043b\u043e\u0436\u0438\u0442\u044c.<\/p><p data-start=\"584\" data-end=\"690\">\ud83d\udce9 \u0415\u0441\u043b\u0438 \u0443 \u0432\u0430\u0441 \u0432\u043e\u0437\u043d\u0438\u043a\u043b\u0438 \u0432\u043e\u043f\u0440\u043e\u0441\u044b, \u0441\u0432\u044f\u0436\u0438\u0442\u0435\u0441\u044c \u0441 \u043d\u0430\u043c\u0438, \u0438\u0441\u043f\u043e\u043b\u044c\u0437\u0443\u044f \u043e\u0434\u043d\u0443 \u0438\u0437 \u043a\u043e\u043d\u0442\u0430\u043a\u0442\u043d\u044b\u0445 \u0434\u0430\u043d\u043d\u044b\u0445 \u043d\u0438\u0436\u0435, \u0438 \u043c\u044b \u043f\u043e\u043c\u043e\u0436\u0435\u043c \u0432\u0430\u043c \u043d\u0430\u0439\u0442\u0438 \u043e\u043f\u0442\u0438\u043c\u0430\u043b\u044c\u043d\u043e\u0435 \u0440\u0435\u0448\u0435\u043d\u0438\u0435.<\/p>\n\t\t\t\t\t\t\t\t\t\t\t\t\t\t\t\t\t\t<\/div>\n\t\t\t\t<\/div>\n\t\t\t\t\t\t\t\n\t\t\t\t<div class=\"wd-accordion-item\">\n\t\t\t\t\t<div class=\"wd-accordion-title wd-role-btn\" data-accordion-index=\"3\" tabindex=\"0\">\n\t\t\t\t\t\t<div class=\"wd-accordion-title-text\">\n\t\t\t\t\t\t\t\t\t\t\t\t\t\t<span>\n\t\t\t\t\t\t\t\t\u041a\u0430\u043a\u0438\u0435 \u043f\u0435\u043b\u043b\u0435\u0442\u044b \u0432\u044b\u0431\u0440\u0430\u0442\u044c \u0434\u043b\u044f \u043e\u0442\u043e\u043f\u043b\u0435\u043d\u0438\u044f \u0434\u043e\u043c\u0430?\t\t\t\t\t\t\t<\/span>\n\t\t\t\t\t\t<\/div>\n\t\t\t\t\t\t<span class=\"wd-accordion-opener\"><\/span>\n\t\t\t\t\t<\/div>\n\n\t\t\t\t\t<div class=\"wd-accordion-content wd-entry-content\" data-accordion-index=\"3\">\n\t\t\t\t\t\t\t\t\t\t\t\t\t\n\t\t\t\t\t\t\t<p>\u0414\u043b\u044f \u0434\u043e\u043c\u0430\u0448\u043d\u0435\u0433\u043e \u0438\u0441\u043f\u043e\u043b\u044c\u0437\u043e\u0432\u0430\u043d\u0438\u044f \u043e\u0431\u044b\u0447\u043d\u043e \u0440\u0435\u043a\u043e\u043c\u0435\u043d\u0434\u0443\u044e\u0442\u0441\u044f \u0434\u0440\u0435\u0432\u0435\u0441\u043d\u044b\u0435 \u0433\u0440\u0430\u043d\u0443\u043b\u044b \u043f\u0440\u0435\u043c\u0438\u0443\u043c-\u043a\u043b\u0430\u0441\u0441\u0430 \u0441 \u043d\u0438\u0437\u043a\u0438\u043c \u0441\u043e\u0434\u0435\u0440\u0436\u0430\u043d\u0438\u0435\u043c \u0437\u043e\u043b\u044b \u0438 \u0432\u044b\u0441\u043e\u043a\u043e\u0439 \u0442\u0435\u043f\u043b\u043e\u0442\u0432\u043e\u0440\u043d\u043e\u0439 \u0441\u043f\u043e\u0441\u043e\u0431\u043d\u043e\u0441\u0442\u044c\u044e. \u0415\u0441\u043b\u0438<br \/>\u041d\u0435 \u0441\u043e\u043c\u043d\u0435\u0432\u0430\u0439\u0442\u0435\u0441\u044c, \u043d\u0430\u0448\u0430 \u0441\u043b\u0443\u0436\u0431\u0430 \u043f\u043e\u0434\u0434\u0435\u0440\u0436\u043a\u0438 \u043f\u043e\u043c\u043e\u0436\u0435\u0442 \u0432\u0430\u043c \u0441 \u0432\u044b\u0431\u043e\u0440\u043e\u043c.<\/p>\n\t\t\t\t\t\t\t\t\t\t\t\t\t\t\t\t\t\t<\/div>\n\t\t\t\t<\/div>\n\t\t\t\t\t\t\t\n\t\t\t\t<div class=\"wd-accordion-item\">\n\t\t\t\t\t<div class=\"wd-accordion-title wd-role-btn\" data-accordion-index=\"4\" tabindex=\"0\">\n\t\t\t\t\t\t<div class=\"wd-accordion-title-text\">\n\t\t\t\t\t\t\t\t\t\t\t\t\t\t<span>\n\t\t\t\t\t\t\t\t\u0412 \u0447\u0435\u043c \u0440\u0430\u0437\u043d\u0438\u0446\u0430 \u043c\u0435\u0436\u0434\u0443 \u0431\u0440\u0438\u043a\u0435\u0442\u0430\u043c\u0438 \u0438 \u043f\u0435\u043b\u043b\u0435\u0442\u0430\u043c\u0438?\t\t\t\t\t\t\t<\/span>\n\t\t\t\t\t\t<\/div>\n\t\t\t\t\t\t<span class=\"wd-accordion-opener\"><\/span>\n\t\t\t\t\t<\/div>\n\n\t\t\t\t\t<div class=\"wd-accordion-content wd-entry-content\" data-accordion-index=\"4\">\n\t\t\t\t\t\t\t\t\t\t\t\t\t\n\t\t\t\t\t\t\t<p>\u041f\u0435\u043b\u043b\u0435\u0442\u044b - \u044d\u0442\u043e \u043c\u0435\u043b\u043a\u043e\u0437\u0435\u0440\u043d\u0438\u0441\u0442\u043e\u0435 \u0442\u043e\u043f\u043b\u0438\u0432\u043e, \u0438\u0434\u0435\u0430\u043b\u044c\u043d\u043e \u043f\u043e\u0434\u0445\u043e\u0434\u044f\u0449\u0435\u0435 \u0434\u043b\u044f \u0430\u0432\u0442\u043e\u043c\u0430\u0442\u0438\u0447\u0435\u0441\u043a\u0438\u0445 \u043a\u043e\u0442\u043b\u043e\u0432. \u0411\u0440\u0438\u043a\u0435\u0442\u044b \u0431\u043e\u043b\u0435\u0435 \u043f\u043b\u043e\u0442\u043d\u044b\u0435, \u0433\u043e\u0440\u044f\u0442 \u043c\u0435\u0434\u043b\u0435\u043d\u043d\u0435\u0435 \u0438<br \/>\u0447\u0430\u0441\u0442\u043e \u0432\u044b\u0431\u0438\u0440\u0430\u044e\u0442 \u0434\u043b\u044f \u043a\u0430\u043c\u0438\u043d\u043e\u0432 \u0438\u043b\u0438 \u043f\u0440\u0438\u0431\u043e\u0440\u043e\u0432, \u0440\u0430\u0431\u043e\u0442\u0430\u044e\u0449\u0438\u0445 \u043d\u0430 \u0441\u043c\u0435\u0448\u0430\u043d\u043d\u043e\u043c \u0442\u043e\u043f\u043b\u0438\u0432\u0435.<\/p>\n\t\t\t\t\t\t\t\t\t\t\t\t\t\t\t\t\t\t<\/div>\n\t\t\t\t<\/div>\n\t\t\t\t\t\t\t\n\t\t\t\t<div class=\"wd-accordion-item\">\n\t\t\t\t\t<div class=\"wd-accordion-title wd-role-btn\" data-accordion-index=\"5\" tabindex=\"0\">\n\t\t\t\t\t\t<div class=\"wd-accordion-title-text\">\n\t\t\t\t\t\t\t\t\t\t\t\t\t\t<span>\n\t\t\t\t\t\t\t\t\u0415\u0441\u0442\u044c \u043b\u0438 \u0432\u043e\u0437\u043c\u043e\u0436\u043d\u043e\u0441\u0442\u044c \u043b\u0438\u0447\u043d\u043e\u0433\u043e \u043f\u043e\u0434\u0432\u043e\u0437\u0430?\t\t\t\t\t\t\t<\/span>\n\t\t\t\t\t\t<\/div>\n\t\t\t\t\t\t<span class=\"wd-accordion-opener\"><\/span>\n\t\t\t\t\t<\/div>\n\n\t\t\t\t\t<div class=\"wd-accordion-content wd-entry-content\" data-accordion-index=\"5\">\n\t\t\t\t\t\t\t\t\t\t\t\t\t\n\t\t\t\t\t\t\t<p>\u0412\u043e\u0437\u043c\u043e\u0436\u043d\u043e\u0441\u0442\u044c \u0438\u043d\u0434\u0438\u0432\u0438\u0434\u0443\u0430\u043b\u044c\u043d\u043e\u0433\u043e \u0441\u0431\u043e\u0440\u0430 \u0432\u0430\u0440\u044c\u0438\u0440\u0443\u0435\u0442\u0441\u044f \u0432 \u0437\u0430\u0432\u0438\u0441\u0438\u043c\u043e\u0441\u0442\u0438 \u043e\u0442 \u043c\u0435\u0441\u0442\u043e\u043f\u043e\u043b\u043e\u0436\u0435\u043d\u0438\u044f. \u041f\u043e\u0436\u0430\u043b\u0443\u0439\u0441\u0442\u0430, \u043f\u0440\u043e\u043a\u043e\u043d\u0441\u0443\u043b\u044c\u0442\u0438\u0440\u0443\u0439\u0442\u0435\u0441\u044c \u0441 \u043d\u0430\u0448\u0435\u0439 \u0441\u043b\u0443\u0436\u0431\u043e\u0439 \u043f\u043e\u0434\u0434\u0435\u0440\u0436\u043a\u0438 \u043a\u043b\u0438\u0435\u043d\u0442\u043e\u0432 \u043f\u0435\u0440\u0435\u0434 \u0437\u0430\u043a\u0430\u0437\u043e\u043c.<\/p>\n\t\t\t\t\t\t\t\t\t\t\t\t\t\t\t\t\t\t<\/div>\n\t\t\t\t<\/div>\n\t\t\t\t\t\t\t\n\t\t\t\t<div class=\"wd-accordion-item\">\n\t\t\t\t\t<div class=\"wd-accordion-title wd-role-btn\" data-accordion-index=\"6\" tabindex=\"0\">\n\t\t\t\t\t\t<div class=\"wd-accordion-title-text\">\n\t\t\t\t\t\t\t\t\t\t\t\t\t\t<span>\n\t\t\t\t\t\t\t\t\u0427\u0442\u043e \u0434\u0435\u043b\u0430\u0442\u044c, \u0435\u0441\u043b\u0438 \u043f\u043e\u0441\u044b\u043b\u043a\u0430 \u043f\u0440\u0438\u0448\u043b\u0430 \u043f\u043e\u0432\u0440\u0435\u0436\u0434\u0435\u043d\u043d\u043e\u0439?\t\t\t\t\t\t\t<\/span>\n\t\t\t\t\t\t<\/div>\n\t\t\t\t\t\t<span class=\"wd-accordion-opener\"><\/span>\n\t\t\t\t\t<\/div>\n\n\t\t\t\t\t<div class=\"wd-accordion-content wd-entry-content\" data-accordion-index=\"6\">\n\t\t\t\t\t\t\t\t\t\t\t\t\t\n\t\t\t\t\t\t\t<p>\u041f\u043e\u0436\u0430\u043b\u0443\u0439\u0441\u0442\u0430, \u043f\u0440\u043e\u0432\u0435\u0440\u044c\u0442\u0435 \u043f\u043e\u0441\u044b\u043b\u043a\u0443 \u043f\u0440\u0438 \u043f\u043e\u043b\u0443\u0447\u0435\u043d\u0438\u0438. \u0412 \u0441\u043b\u0443\u0447\u0430\u0435 \u043f\u043e\u0432\u0440\u0435\u0436\u0434\u0435\u043d\u0438\u044f \u0441\u0434\u0435\u043b\u0430\u0439\u0442\u0435 \u0444\u043e\u0442\u043e \u0438 \u0441\u043e\u043e\u0431\u0449\u0438\u0442\u0435 \u043d\u0430\u043c \u0432 \u0442\u0435\u0447\u0435\u043d\u0438\u0435 24 \u0447\u0430\u0441\u043e\u0432.<br \/>\u043f\u0440\u0438\u043d\u044f\u0442\u044c \u043e\u043f\u0435\u0440\u0430\u0442\u0438\u0432\u043d\u044b\u0435 \u043c\u0435\u0440\u044b.<\/p>\n\t\t\t\t\t\t\t\t\t\t\t\t\t\t\t\t\t\t<\/div>\n\t\t\t\t<\/div>\n\t\t\t\t\t\t\t\n\t\t\t\t<div class=\"wd-accordion-item\">\n\t\t\t\t\t<div class=\"wd-accordion-title wd-role-btn\" data-accordion-index=\"7\" tabindex=\"0\">\n\t\t\t\t\t\t<div class=\"wd-accordion-title-text\">\n\t\t\t\t\t\t\t\t\t\t\t\t\t\t<span>\n\t\t\t\t\t\t\t\t\u041c\u043e\u0433\u0443 \u043b\u0438 \u044f \u0432\u0435\u0440\u043d\u0443\u0442\u044c \u0442\u043e\u0432\u0430\u0440?\t\t\t\t\t\t\t<\/span>\n\t\t\t\t\t\t<\/div>\n\t\t\t\t\t\t<span class=\"wd-accordion-opener\"><\/span>\n\t\t\t\t\t<\/div>\n\n\t\t\t\t\t<div class=\"wd-accordion-content wd-entry-content\" data-accordion-index=\"7\">\n\t\t\t\t\t\t\t\t\t\t\t\t\t\n\t\t\t\t\t\t\t<p>\u0414\u0430, \u0442\u043e\u0432\u0430\u0440 \u043c\u043e\u0436\u043d\u043e \u0432\u0435\u0440\u043d\u0443\u0442\u044c \u0432 \u0441\u043e\u043e\u0442\u0432\u0435\u0442\u0441\u0442\u0432\u0438\u0438 \u0441 \u0434\u0435\u0439\u0441\u0442\u0432\u0443\u044e\u0449\u0438\u043c \u0437\u0430\u043a\u043e\u043d\u043e\u0434\u0430\u0442\u0435\u043b\u044c\u0441\u0442\u0432\u043e\u043c. \u041f\u043e\u0434\u0440\u043e\u0431\u043d\u043e\u0441\u0442\u0438 \u0441\u043c. \u043d\u0430 \u0441\u0442\u0440\u0430\u043d\u0438\u0446\u0435 \u0423\u0441\u043b\u043e\u0432\u0438\u044f \u0432\u043e\u0437\u0432\u0440\u0430\u0442\u0430<br \/>\u0432\u044b \u043d\u0430\u0439\u0434\u0435\u0442\u0435.<\/p>\n\t\t\t\t\t\t\t\t\t\t\t\t\t\t\t\t\t\t<\/div>\n\t\t\t\t<\/div>\n\t\t\t\t\t<\/div>\n\t\t\t\t\t\t<\/div>\n\t\t\t\t<\/div>\n\t\t\t\t\t<\/div>\n\t\t\t\t<\/div>\n\t\t\t\t<\/div>","protected":false},"excerpt":{"rendered":"<p>Mennyi id\u0151 alatt sz\u00e1ll\u00edtj\u00e1k ki a rendel\u00e9st? Mennyi id\u0151 alatt sz\u00e1ll\u00edtj\u00e1k ki a rendel\u00e9st? A legt\u00f6bb rendel\u00e9st 1\u20133 munkanapon bel\u00fcl<\/p>","protected":false},"author":1,"featured_media":0,"parent":0,"menu_order":0,"comment_status":"closed","ping_status":"closed","template":"","meta":{"footnotes":""},"class_list":["post-1823","page","type-page","status-publish","hentry"],"_links":{"self":[{"href":"https:\/\/www.ecoflame.hu\/ru\/wp-json\/wp\/v2\/pages\/1823","targetHints":{"allow":["GET"]}}],"collection":[{"href":"https:\/\/www.ecoflame.hu\/ru\/wp-json\/wp\/v2\/pages"}],"about":[{"href":"https:\/\/www.ecoflame.hu\/ru\/wp-json\/wp\/v2\/types\/page"}],"author":[{"embeddable":true,"href":"https:\/\/www.ecoflame.hu\/ru\/wp-json\/wp\/v2\/users\/1"}],"replies":[{"embeddable":true,"href":"https:\/\/www.ecoflame.hu\/ru\/wp-json\/wp\/v2\/comments?post=1823"}],"version-history":[{"count":27,"href":"https:\/\/www.ecoflame.hu\/ru\/wp-json\/wp\/v2\/pages\/1823\/revisions"}],"predecessor-version":[{"id":1994,"href":"https:\/\/www.ecoflame.hu\/ru\/wp-json\/wp\/v2\/pages\/1823\/revisions\/1994"}],"wp:attachment":[{"href":"https:\/\/www.ecoflame.hu\/ru\/wp-json\/wp\/v2\/media?parent=1823"}],"curies":[{"name":"wp","href":"https:\/\/api.w.org\/{rel}","templated":true}]}}