{"id":3,"date":"2026-02-07T15:53:03","date_gmt":"2026-02-07T15:53:03","guid":{"rendered":"https:\/\/www.ecoflame.hu\/?page_id=3"},"modified":"2026-02-07T23:12:18","modified_gmt":"2026-02-07T23:12:18","slug":"privacy-policy","status":"publish","type":"page","link":"https:\/\/www.ecoflame.hu\/ru\/privacy-policy\/","title":{"rendered":"\u0417\u0430\u044f\u0432\u043b\u0435\u043d\u0438\u0435 \u043e \u0437\u0430\u0449\u0438\u0442\u0435 \u0434\u0430\u043d\u043d\u044b\u0445"},"content":{"rendered":"<h2 class=\"wp-block-heading\">Kik vagyunk<\/h2>   <p>A honlap c\u00edme: https:\/\/www.ecoflame.hu. A honlap \u00fczemeltet\u0151je a Flora International Kft. (sz\u00e9khely: 3000, Hatvan, Gesztenye fasor 1., c\u00e9gjegyz\u00e9ksz\u00e1m: 02-09-08928), amely az adatkezel\u00e9s felel\u0151se.<\/p>   <h2 class=\"wp-block-heading\">Hozz\u00e1sz\u00f3l\u00e1sok<\/h2>   <p>A honlapon t\u00f6rt\u00e9n\u0151 hozz\u00e1sz\u00f3l\u00e1s k\u00f6zz\u00e9t\u00e9tel\u00e9hez a rendszer r\u00f6gz\u00edti a megadott nevet, e-mail c\u00edmet \u00e9s a hozz\u00e1sz\u00f3l\u00e1s sz\u00f6veg\u00e9t. Tov\u00e1bbi inform\u00e1ci\u00f3k gy\u0171jt\u00e9se t\u00f6rt\u00e9nik a felhaszn\u00e1l\u00f3 IP-c\u00edm\u00e9nek \u00e9s b\u00f6ng\u00e9sz\u0151azonos\u00edt\u00f3j\u00e1nak r\u00f6gz\u00edt\u00e9s\u00e9vel, amely a spam v\u00e9delem c\u00e9lj\u00e1b\u00f3l sz\u00fcks\u00e9ges.<\/p>   <p>Az e-mail c\u00edm alapj\u00e1n gener\u00e1lt anonimiz\u00e1lt karakterl\u00e1nc (hash) elk\u00fcldhet\u0151 a Gravatar szolg\u00e1ltat\u00e1snak annak ellen\u0151rz\u00e9s\u00e9re, hogy a felhaszn\u00e1l\u00f3 regisztr\u00e1lt-e n\u00e1luk. A Gravatar adatv\u00e9delmi nyilatkozata itt \u00e9rhet\u0151 el: https:\/\/automattic.com\/privacy\/. Amennyiben a hozz\u00e1sz\u00f3l\u00e1st j\u00f3v\u00e1hagyjuk, a profilk\u00e9p nyilv\u00e1nosan megjelenik a hozz\u00e1sz\u00f3l\u00e1s mellett.<\/p>   <h2 class=\"wp-block-heading\">M\u00e9diaf\u00e1jlok<\/h2>   <p>K\u00e9pek honlapra t\u00f6rt\u00e9n\u0151 felt\u00f6lt\u00e9sekor javasoljuk, hogy ker\u00fclje a helymeghat\u00e1roz\u00e1si adatokat (EXIF GPS) tartalmaz\u00f3 f\u00e1jlok felt\u00f6lt\u00e9s\u00e9t. A honlap l\u00e1togat\u00f3i let\u00f6lthetik \u00e9s kinyerhetik a helymeghat\u00e1roz\u00e1si adatokat a felt\u00f6lt\u00f6tt k\u00e9pekb\u0151l.<\/p>   <h2 class=\"wp-block-heading\">Cookie-k (s\u00fctik)<\/h2>   <p>Hozz\u00e1sz\u00f3l\u00e1s \u00edr\u00e1sakor lehet\u0151s\u00e9g van a n\u00e9v, e-mail c\u00edm \u00e9s weboldal cookie-ban val\u00f3 t\u00e1rol\u00e1s\u00e1ra. Ez az \u00d6n k\u00e9nyelm\u00e9t szolg\u00e1lja, hogy \u00fajabb hozz\u00e1sz\u00f3l\u00e1skor ne kelljen \u00fajra kit\u00f6ltenie az adatokat. Ezek a cookie-k egy \u00e9vig \u00e9rv\u00e9nyesek.<\/p>   <p>Bejelentkez\u00e9si oldalunk l\u00e1togat\u00e1sakor egy ideiglenes cookie ker\u00fcl be\u00e1ll\u00edt\u00e1sra annak ellen\u0151rz\u00e9s\u00e9re, hogy a b\u00f6ng\u00e9sz\u0151 elfogadja-e a cookie-kat. Ez a cookie nem tartalmaz szem\u00e9lyes adatot, \u00e9s a b\u00f6ng\u00e9sz\u0151 bez\u00e1r\u00e1sakor t\u00f6rl\u0151dik.<\/p>   <p>Bejelentkez\u00e9skor t\u00f6bb cookie ker\u00fcl be\u00e1ll\u00edt\u00e1sra a bejelentkez\u00e9si adatok \u00e9s a k\u00e9perny\u0151be\u00e1ll\u00edt\u00e1sok t\u00e1rol\u00e1s\u00e1ra. A bejelentkez\u00e9si cookie-k k\u00e9t napig, a k\u00e9perny\u0151be\u00e1ll\u00edt\u00e1sokr\u00f3l sz\u00f3l\u00f3 cookie-k egy \u00e9vig \u00e9rv\u00e9nyesek. Ha az &#8222;Eml\u00e9kezz r\u00e1m&#8221; lehet\u0151s\u00e9get v\u00e1lasztja, a bejelentkez\u00e9s k\u00e9t h\u00e9tig marad meg. Kijelentkez\u00e9skor a bejelentkez\u00e9si cookie-k t\u00f6rl\u0151dnek.<\/p>   <p>Cikk szerkeszt\u00e9se vagy k\u00f6zz\u00e9t\u00e9telekor egy tov\u00e1bbi cookie ker\u00fcl elment\u00e9sre a b\u00f6ng\u00e9sz\u0151ben. Ez a cookie nem tartalmaz szem\u00e9lyes adatot, csak a szerkesztett cikk azonos\u00edt\u00f3j\u00e1t t\u00e1rolja, \u00e9s egy nap m\u00falva lej\u00e1r.<\/p>   <h2 class=\"wp-block-heading\">Be\u00e1gyazott tartalom m\u00e1s webhelyekr\u0151l<\/h2>   <p>A honlapon tal\u00e1lhat\u00f3 cikkek be\u00e1gyazott tartalmat (pl. vide\u00f3k, k\u00e9pek, cikkek) tartalmazhatnak. Az ilyen tartalmak \u00fagy viselkednek, mintha k\u00f6zvetlen\u00fcl a forr\u00e1soldalt l\u00e1togatta volna meg.<\/p>   <p>Ezek a k\u00fcls\u0151 webhelyek adatokat gy\u0171jthetnek \u00d6nr\u0151l, haszn\u00e1lhatnak cookie-kat, harmadik f\u00e9l nyomk\u00f6vet\u0151 k\u00f3djait helyezhetnek el, \u00e9s figyelhetik a be\u00e1gyazott tartalommal val\u00f3 interakci\u00f3j\u00e1t, k\u00fcl\u00f6n\u00f6sen akkor, ha bejelentkezett felhaszn\u00e1l\u00f3ja az adott webhelynek.<\/p>   <h2 class=\"wp-block-heading\">Kivel osztjuk meg az \u00d6n adatait<\/h2>   <p>Jelsz\u00f3-vissza\u00e1ll\u00edt\u00e1si k\u00e9relem eset\u00e9n az \u00d6n IP-c\u00edme szerepelni fog a vissza\u00e1ll\u00edt\u00e1si e-mailben.<\/p>   <h2 class=\"wp-block-heading\">Mennyi ideig t\u00e1roljuk az adatokat<\/h2>   <p>Hozz\u00e1sz\u00f3l\u00e1sok \u00e9s azok metaadatai hat\u00e1rozatlan ideig t\u00e1rol\u00f3dnak, hogy a k\u00e9s\u0151bbi hozz\u00e1sz\u00f3l\u00e1sokat automatikusan felismerj\u00fck \u00e9s j\u00f3v\u00e1hagyhassuk, ahelyett hogy moder\u00e1l\u00e1si v\u00e1r\u00f3list\u00e1ba ker\u00fcln\u00e9nek.<\/p>   <p>Regisztr\u00e1lt felhaszn\u00e1l\u00f3k eset\u00e9ben a felhaszn\u00e1l\u00f3i profiljukban megadott szem\u00e9lyes adatok is t\u00e1rolva vannak. Minden felhaszn\u00e1l\u00f3 b\u00e1rmikor megtekintheti, szerkesztheti vagy t\u00f6r\u00f6lheti szem\u00e9lyes adatait (kiv\u00e9ve a felhaszn\u00e1l\u00f3nevet). A webhely adminisztr\u00e1torai szint\u00e9n megtekinthetik \u00e9s szerkeszthetik ezeket az inform\u00e1ci\u00f3kat.<\/p>   <h2 class=\"wp-block-heading\">Milyen jogai vannak az adataival kapcsolatban<\/h2>   <p>Ha rendelkezik fi\u00f3kkal a honlapon, vagy hozz\u00e1sz\u00f3l\u00e1st \u00edrt, k\u00e9rheti szem\u00e9lyes adatai exportf\u00e1jlj\u00e1nak \u00e1tad\u00e1s\u00e1t, bele\u00e9rtve minden \u00e1ltalunk t\u00e1rolt inform\u00e1ci\u00f3t. K\u00e9rheti tov\u00e1bb\u00e1 szem\u00e9lyes adatainak t\u00f6rl\u00e9s\u00e9t is. Ez nem vonatkozik azon adatokra, amelyeket k\u00f6telez\u0151 t\u00e1rolnunk k\u00f6zigazgat\u00e1si, jogi vagy biztons\u00e1gi okokb\u00f3l.<\/p>   <h2 class=\"wp-block-heading\">Hova ker\u00fclnek az adatai<\/h2>   <p>A l\u00e1togat\u00f3i hozz\u00e1sz\u00f3l\u00e1sok automatikus spam-ellen\u0151rz\u0151 szolg\u00e1ltat\u00e1son kereszt\u00fcl ker\u00fclnek ellen\u0151rz\u00e9sre.<\/p>","protected":false},"excerpt":{"rendered":"<p>Kik vagyunk A honlap c\u00edme: https:\/\/www.ecoflame.hu. A honlap \u00fczemeltet\u0151je a Flora International Kft. (sz\u00e9khely: 3000, Hatvan, Gesztenye fasor 1., c\u00e9gjegyz\u00e9ksz\u00e1m:<\/p>","protected":false},"author":1,"featured_media":0,"parent":0,"menu_order":0,"comment_status":"closed","ping_status":"open","template":"","meta":{"footnotes":""},"class_list":["post-3","page","type-page","status-publish","hentry"],"_links":{"self":[{"href":"https:\/\/www.ecoflame.hu\/ru\/wp-json\/wp\/v2\/pages\/3","targetHints":{"allow":["GET"]}}],"collection":[{"href":"https:\/\/www.ecoflame.hu\/ru\/wp-json\/wp\/v2\/pages"}],"about":[{"href":"https:\/\/www.ecoflame.hu\/ru\/wp-json\/wp\/v2\/types\/page"}],"author":[{"embeddable":true,"href":"https:\/\/www.ecoflame.hu\/ru\/wp-json\/wp\/v2\/users\/1"}],"replies":[{"embeddable":true,"href":"https:\/\/www.ecoflame.hu\/ru\/wp-json\/wp\/v2\/comments?post=3"}],"version-history":[{"count":3,"href":"https:\/\/www.ecoflame.hu\/ru\/wp-json\/wp\/v2\/pages\/3\/revisions"}],"predecessor-version":[{"id":1804,"href":"https:\/\/www.ecoflame.hu\/ru\/wp-json\/wp\/v2\/pages\/3\/revisions\/1804"}],"wp:attachment":[{"href":"https:\/\/www.ecoflame.hu\/ru\/wp-json\/wp\/v2\/media?parent=3"}],"curies":[{"name":"wp","href":"https:\/\/api.w.org\/{rel}","templated":true}]}}