{"id":1620,"date":"2026-02-07T19:43:12","date_gmt":"2026-02-07T19:43:12","guid":{"rendered":"https:\/\/www.ecoflame.hu\/?product=ecoflame-100-bukkfa-pellet-premium-15-kg"},"modified":"2026-02-07T19:43:12","modified_gmt":"2026-02-07T19:43:12","slug":"ecoflame-100-bukkfa-pellet-premium-15-kg","status":"publish","type":"product","link":"https:\/\/www.ecoflame.hu\/ru\/product\/ecoflame-100-bukkfa-pellet-premium-15-kg\/","title":{"rendered":"\u0414\u0440\u0435\u0432\u0435\u0441\u043d\u044b\u0435 \u0433\u0440\u0430\u043d\u0443\u043b\u044b EcoFlame 100% \u0411\u0443\u043a - \u041f\u0440\u0435\u043c\u0438\u0443\u043c (15 \u043a\u0433)"},"content":{"rendered":"<h2>EcoFlame 100% B\u00fckkfa Pellet<\/h2>\n<p><strong>Pr\u00e9mium min\u0151s\u00e9g<\/strong> &#8211; 100% b\u00fckkf\u00e1b\u00f3l k\u00e9sz\u00fclt fapaletta. A b\u00fckkfa az egyik legjobb alapanyag pelletgy\u00e1rt\u00e1shoz.<\/p>\n<h3>Term\u00e9k specifik\u00e1ci\u00f3:<\/h3>\n<ul>\n<li><strong>\u00d6sszet\u00e9tel:<\/strong> 100% b\u00fckkfa<\/li>\n<li><strong>\u0422\u0435\u043f\u043b\u043e\u0442\u0432\u043e\u0440\u043d\u0430\u044f \u0441\u043f\u043e\u0441\u043e\u0431\u043d\u043e\u0441\u0442\u044c:<\/strong> \u2265 18.5 MJ\/kg<\/li>\n<li><strong>\u0421\u043e\u0434\u0435\u0440\u0436\u0430\u043d\u0438\u0435 \u0437\u043e\u043b\u044b:<\/strong> < 0.4%<\/li>\n<li><strong>\u0421\u043e\u0434\u0435\u0440\u0436\u0430\u043d\u0438\u0435 \u0432\u043b\u0430\u0433\u0438:<\/strong> < 8%<\/li>\n<li><strong>\u041a\u043b\u0430\u0441\u0441\u0438\u0444\u0438\u043a\u0430\u0446\u0438\u044f:<\/strong> ENplus A1<\/li>\n<\/ul>\n<h3>Mi\u00e9rt b\u00fckkfa pellet?<\/h3>\n<ul>\n<li>Kiv\u00e1l\u00f3 \u00e9g\u00e9si tulajdons\u00e1gok<\/li>\n<li>Minim\u00e1lis salakk\u00e9pz\u0151d\u00e9s<\/li>\n<li>Egyenletes h\u0151lead\u00e1s<\/li>\n<li>Tiszta \u00e9g\u00e9s, kev\u00e9s karbantart\u00e1s<\/li>\n<\/ul>","protected":false},"excerpt":{"rendered":"<p>100% tiszta b\u00fckkf\u00e1b\u00f3l k\u00e9sz\u00fclt pr\u00e9mium pellet. Kiv\u00e1l\u00f3 \u00e9g\u00e9si jellemz\u0151k, alacsony hamutartalom.<\/p>","protected":false},"featured_media":1606,"comment_status":"open","ping_status":"closed","template":"","meta":[],"product_brand":[],"product_cat":[32],"product_tag":[100],"class_list":{"0":"post-1620","1":"product","2":"type-product","3":"status-publish","4":"has-post-thumbnail","6":"product_cat-fapellet","7":"product_tag-bukk-pellet-beech-pellet-100-bukk-premium-fapaletta","9":"first","10":"instock","11":"taxable","12":"shipping-taxable","13":"purchasable","14":"product-type-simple"},"_links":{"self":[{"href":"https:\/\/www.ecoflame.hu\/ru\/wp-json\/wp\/v2\/product\/1620","targetHints":{"allow":["GET"]}}],"collection":[{"href":"https:\/\/www.ecoflame.hu\/ru\/wp-json\/wp\/v2\/product"}],"about":[{"href":"https:\/\/www.ecoflame.hu\/ru\/wp-json\/wp\/v2\/types\/product"}],"replies":[{"embeddable":true,"href":"https:\/\/www.ecoflame.hu\/ru\/wp-json\/wp\/v2\/comments?post=1620"}],"version-history":[{"count":0,"href":"https:\/\/www.ecoflame.hu\/ru\/wp-json\/wp\/v2\/product\/1620\/revisions"}],"wp:featuredmedia":[{"embeddable":true,"href":"https:\/\/www.ecoflame.hu\/ru\/wp-json\/wp\/v2\/media\/1606"}],"wp:attachment":[{"href":"https:\/\/www.ecoflame.hu\/ru\/wp-json\/wp\/v2\/media?parent=1620"}],"wp:term":[{"taxonomy":"product_brand","embeddable":true,"href":"https:\/\/www.ecoflame.hu\/ru\/wp-json\/wp\/v2\/product_brand?post=1620"},{"taxonomy":"product_cat","embeddable":true,"href":"https:\/\/www.ecoflame.hu\/ru\/wp-json\/wp\/v2\/product_cat?post=1620"},{"taxonomy":"product_tag","embeddable":true,"href":"https:\/\/www.ecoflame.hu\/ru\/wp-json\/wp\/v2\/product_tag?post=1620"}],"curies":[{"name":"wp","href":"https:\/\/api.w.org\/{rel}","templated":true}]}}