{"id":1621,"date":"2026-02-07T19:43:12","date_gmt":"2026-02-07T19:43:12","guid":{"rendered":"https:\/\/www.ecoflame.hu\/?product=ecoflame-mix-fapaletta-vegyes-fa-15-kg"},"modified":"2026-02-07T19:43:13","modified_gmt":"2026-02-07T19:43:13","slug":"ecoflame-mix-fapaletta-vegyes-fa-15-kg","status":"publish","type":"product","link":"https:\/\/www.ecoflame.hu\/ru\/product\/ecoflame-mix-fapaletta-vegyes-fa-15-kg\/","title":{"rendered":"\u041f\u0430\u043b\u043b\u0435\u0442\u0430 EcoFlame Mix Wood - \u0441\u043c\u0435\u0448\u0430\u043d\u043d\u0430\u044f \u0434\u0440\u0435\u0432\u0435\u0441\u0438\u043d\u0430 (15 \u043a\u0433)"},"content":{"rendered":"<h2>EcoFlame Mix Fapaletta &#8211; Vegyes \u00f6sszet\u00e9tel<\/h2>\n<p><strong>Legjobb \u00e1r-\u00e9rt\u00e9k ar\u00e1ny<\/strong> &#8211; vegyes fafajokb\u00f3l k\u00e9sz\u00fclt fapaletta gazdas\u00e1gos \u00e1ron, megb\u00edzhat\u00f3 min\u0151s\u00e9gben.<\/p>\n<h3>\u00d6sszet\u00e9tel \u00e9s jellemz\u0151k:<\/h3>\n<ul>\n<li><strong>\u0421\u044b\u0440\u044c\u0435:<\/strong> Feny\u0151 \u00e9s kem\u00e9nyfa mix<\/li>\n<li><strong>\u041a\u043b\u0430\u0441\u0441\u0438\u0444\u0438\u043a\u0430\u0446\u0438\u044f:<\/strong> ENplus A2<\/li>\n<li><strong>\u0422\u0435\u043f\u043b\u043e\u0442\u0432\u043e\u0440\u043d\u0430\u044f \u0441\u043f\u043e\u0441\u043e\u0431\u043d\u043e\u0441\u0442\u044c:<\/strong> \u2265 17.5 MJ\/kg<\/li>\n<li><strong>\u0421\u043e\u0434\u0435\u0440\u0436\u0430\u043d\u0438\u0435 \u0437\u043e\u043b\u044b:<\/strong> < 1.0%<\/li>\n<\/ul>\n<h3>Kiv\u00e1l\u00f3 v\u00e1laszt\u00e1s ha:<\/h3>\n<ul>\n<li>Gazdas\u00e1gos f\u0171t\u00e9st szeretne<\/li>\n<li>Megb\u00edzhat\u00f3 min\u0151s\u00e9get keres<\/li>\n<li>H\u00e1ztart\u00e1si pelletk\u00e1lyh\u00e1ja van<\/li>\n<\/ul>","protected":false},"excerpt":{"rendered":"<p>Kiv\u00e1l\u00f3 \u00e1r-\u00e9rt\u00e9k ar\u00e1ny\u00fa vegyes fapaletta. Feny\u0151 \u00e9s kem\u00e9nyfa kever\u00e9ke, megb\u00edzhat\u00f3 min\u0151s\u00e9g.<\/p>","protected":false},"featured_media":1596,"comment_status":"open","ping_status":"closed","template":"","meta":[],"product_brand":[],"product_cat":[32],"product_tag":[102],"class_list":{"0":"post-1621","1":"product","2":"type-product","3":"status-publish","4":"has-post-thumbnail","6":"product_cat-fapellet","7":"product_tag-vegyes-pellet-mix-pellet-gazdasagos-pellet-olcso-fapaletta","9":"first","10":"instock","11":"taxable","12":"shipping-taxable","13":"purchasable","14":"product-type-simple"},"_links":{"self":[{"href":"https:\/\/www.ecoflame.hu\/ru\/wp-json\/wp\/v2\/product\/1621","targetHints":{"allow":["GET"]}}],"collection":[{"href":"https:\/\/www.ecoflame.hu\/ru\/wp-json\/wp\/v2\/product"}],"about":[{"href":"https:\/\/www.ecoflame.hu\/ru\/wp-json\/wp\/v2\/types\/product"}],"replies":[{"embeddable":true,"href":"https:\/\/www.ecoflame.hu\/ru\/wp-json\/wp\/v2\/comments?post=1621"}],"version-history":[{"count":0,"href":"https:\/\/www.ecoflame.hu\/ru\/wp-json\/wp\/v2\/product\/1621\/revisions"}],"wp:featuredmedia":[{"embeddable":true,"href":"https:\/\/www.ecoflame.hu\/ru\/wp-json\/wp\/v2\/media\/1596"}],"wp:attachment":[{"href":"https:\/\/www.ecoflame.hu\/ru\/wp-json\/wp\/v2\/media?parent=1621"}],"wp:term":[{"taxonomy":"product_brand","embeddable":true,"href":"https:\/\/www.ecoflame.hu\/ru\/wp-json\/wp\/v2\/product_brand?post=1621"},{"taxonomy":"product_cat","embeddable":true,"href":"https:\/\/www.ecoflame.hu\/ru\/wp-json\/wp\/v2\/product_cat?post=1621"},{"taxonomy":"product_tag","embeddable":true,"href":"https:\/\/www.ecoflame.hu\/ru\/wp-json\/wp\/v2\/product_tag?post=1621"}],"curies":[{"name":"wp","href":"https:\/\/api.w.org\/{rel}","templated":true}]}}