{"id":1622,"date":"2026-02-07T19:43:13","date_gmt":"2026-02-07T19:43:13","guid":{"rendered":"https:\/\/www.ecoflame.hu\/?product=ecoflame-ruf-brikett-premium-tegla-10-kg"},"modified":"2026-02-07T19:43:13","modified_gmt":"2026-02-07T19:43:13","slug":"ecoflame-ruf-brikett-premium-tegla-10-kg","status":"publish","type":"product","link":"https:\/\/www.ecoflame.hu\/ru\/product\/ecoflame-ruf-brikett-premium-tegla-10-kg\/","title":{"rendered":"\u0411\u0440\u0438\u043a\u0435\u0442\u044b EcoFlame RUF - \u043a\u0438\u0440\u043f\u0438\u0447\u0438 \u043f\u0440\u0435\u043c\u0438\u0443\u043c-\u043a\u043b\u0430\u0441\u0441\u0430 (10 \u043a\u0433)"},"content":{"rendered":"<h2>EcoFlame RUF Brikett &#8211; T\u00e9gla form\u00e1tum<\/h2>\n<p><strong>Klasszikus RUF brikett<\/strong> &#8211; a legn\u00e9pszer\u0171bb brikett t\u00edpus, t\u00e9gla form\u00e1ban. Magas s\u0171r\u0171s\u00e9g\u0171, pr\u00e9selt kem\u00e9nyfa f\u0171r\u00e9szporb\u00f3l.<\/p>\n<h3>\u0422\u0435\u0445\u043d\u0438\u0447\u0435\u0441\u043a\u0438\u0435 \u0434\u0430\u043d\u043d\u044b\u0435:<\/h3>\n<ul>\n<li><strong>\u0422\u0438\u043f:<\/strong> RUF (t\u00e9glalap alak\u00fa)<\/li>\n<li><strong>M\u00e9ret:<\/strong> kb. 15x9x6 cm<\/li>\n<li><strong>\u0422\u0435\u043f\u043b\u043e\u0442\u0432\u043e\u0440\u043d\u0430\u044f \u0441\u043f\u043e\u0441\u043e\u0431\u043d\u043e\u0441\u0442\u044c:<\/strong> \u2265 18 \u041c\u0414\u0436\/\u043a\u0433<\/li>\n<li><strong>\u0421\u043e\u0434\u0435\u0440\u0436\u0430\u043d\u0438\u0435 \u0432\u043b\u0430\u0433\u0438:<\/strong> < 10%<\/li>\n<li><strong>\u0421\u043e\u0434\u0435\u0440\u0436\u0430\u043d\u0438\u0435 \u0437\u043e\u043b\u044b:<\/strong> < 1.5%<\/li>\n<\/ul>\n<h3>Felhaszn\u00e1l\u00e1si ter\u00fcletek:<\/h3>\n<ul>\n<li>Kandall\u00f3k<\/li>\n<li>Fat\u00fczel\u00e9s\u0171 k\u00e1lyh\u00e1k<\/li>\n<li>Kaz\u00e1nok<\/li>\n<li>Kerti grillez\u00e9s<\/li>\n<\/ul>\n<p><strong>K\u00f6nnyen kezelhet\u0151<\/strong>, tiszta \u00e9g\u00e9s\u0171, gazdas\u00e1gos f\u0171t\u0151anyag!<\/p>","protected":false},"excerpt":{"rendered":"<p>Pr\u00e9mium RUF t\u00edpus\u00fa fabrikett t\u00e9gla form\u00e1ban. Magas s\u0171r\u0171s\u00e9g, hossz\u00fa \u00e9g\u00e9si id\u0151.<\/p>","protected":false},"featured_media":1608,"comment_status":"open","ping_status":"closed","template":"","meta":[],"product_brand":[],"product_cat":[34],"product_tag":[103],"class_list":{"0":"post-1622","1":"product","2":"type-product","3":"status-publish","4":"has-post-thumbnail","6":"product_cat-brikett","7":"product_tag-ruf-brikett-fabrikett-tegla-brikett-premium-brikett","9":"first","10":"instock","11":"featured","12":"taxable","13":"shipping-taxable","14":"purchasable","15":"product-type-simple"},"_links":{"self":[{"href":"https:\/\/www.ecoflame.hu\/ru\/wp-json\/wp\/v2\/product\/1622","targetHints":{"allow":["GET"]}}],"collection":[{"href":"https:\/\/www.ecoflame.hu\/ru\/wp-json\/wp\/v2\/product"}],"about":[{"href":"https:\/\/www.ecoflame.hu\/ru\/wp-json\/wp\/v2\/types\/product"}],"replies":[{"embeddable":true,"href":"https:\/\/www.ecoflame.hu\/ru\/wp-json\/wp\/v2\/comments?post=1622"}],"version-history":[{"count":0,"href":"https:\/\/www.ecoflame.hu\/ru\/wp-json\/wp\/v2\/product\/1622\/revisions"}],"wp:featuredmedia":[{"embeddable":true,"href":"https:\/\/www.ecoflame.hu\/ru\/wp-json\/wp\/v2\/media\/1608"}],"wp:attachment":[{"href":"https:\/\/www.ecoflame.hu\/ru\/wp-json\/wp\/v2\/media?parent=1622"}],"wp:term":[{"taxonomy":"product_brand","embeddable":true,"href":"https:\/\/www.ecoflame.hu\/ru\/wp-json\/wp\/v2\/product_brand?post=1622"},{"taxonomy":"product_cat","embeddable":true,"href":"https:\/\/www.ecoflame.hu\/ru\/wp-json\/wp\/v2\/product_cat?post=1622"},{"taxonomy":"product_tag","embeddable":true,"href":"https:\/\/www.ecoflame.hu\/ru\/wp-json\/wp\/v2\/product_tag?post=1622"}],"curies":[{"name":"wp","href":"https:\/\/api.w.org\/{rel}","templated":true}]}}