{"id":1623,"date":"2026-02-07T19:43:13","date_gmt":"2026-02-07T19:43:13","guid":{"rendered":"https:\/\/www.ecoflame.hu\/?product=ecoflame-tolgy-brikett-kemenyfa-10-kg"},"modified":"2026-02-07T19:43:14","modified_gmt":"2026-02-07T19:43:14","slug":"ecoflame-tolgy-brikett-kemenyfa-10-kg","status":"publish","type":"product","link":"https:\/\/www.ecoflame.hu\/ru\/product\/ecoflame-tolgy-brikett-kemenyfa-10-kg\/","title":{"rendered":"\u0414\u0443\u0431\u043e\u0432\u044b\u0435 \u0431\u0440\u0438\u043a\u0435\u0442\u044b EcoFlame - \u0442\u0432\u0435\u0440\u0434\u0430\u044f \u0434\u0440\u0435\u0432\u0435\u0441\u0438\u043d\u0430 (10 \u043a\u0433)"},"content":{"rendered":"<h2>EcoFlame T\u00f6lgy Brikett &#8211; 100% Kem\u00e9nyfa<\/h2>\n<p><strong>A legmagasabb min\u0151s\u00e9g<\/strong> &#8211; kiz\u00e1r\u00f3lag t\u00f6lgyfa f\u0171r\u00e9szporb\u00f3l pr\u00e9selt brikett. A t\u00f6lgy brikett kiemelked\u0151 f\u0171t\u0151\u00e9rt\u00e9ket biztos\u00edt.<\/p>\n<h3>Specifik\u00e1ci\u00f3:<\/h3>\n<ul>\n<li><strong>\u00d6sszet\u00e9tel:<\/strong> 100% t\u00f6lgyfa<\/li>\n<li><strong>\u0422\u0435\u043f\u043b\u043e\u0442\u0432\u043e\u0440\u043d\u0430\u044f \u0441\u043f\u043e\u0441\u043e\u0431\u043d\u043e\u0441\u0442\u044c:<\/strong> \u2265 19 MJ\/kg<\/li>\n<li><strong>\u0412\u0440\u0435\u043c\u044f \u0433\u043e\u0440\u0435\u043d\u0438\u044f:<\/strong> 3-4 \u00f3ra\/brikett<\/li>\n<li><strong>\u0421\u043e\u0434\u0435\u0440\u0436\u0430\u043d\u0438\u0435 \u0437\u043e\u043b\u044b:<\/strong> < 1%<\/li>\n<\/ul>\n<h3>A t\u00f6lgy brikett el\u0151nyei:<\/h3>\n<ul>\n<li>Leghosszabb \u00e9g\u00e9si id\u0151<\/li>\n<li>Legmagasabb h\u0151termel\u00e9s<\/li>\n<li>Minim\u00e1lis hamu<\/li>\n<li>Term\u00e9szetes, kellemes illat<\/li>\n<\/ul>","protected":false},"excerpt":{"rendered":"<p>100% t\u00f6lgyf\u00e1b\u00f3l k\u00e9sz\u00fclt pr\u00e9mium brikett. Maxim\u00e1lis f\u0171t\u0151\u00e9rt\u00e9k, extra hossz\u00fa \u00e9g\u00e9si id\u0151.<\/p>","protected":false},"featured_media":1602,"comment_status":"open","ping_status":"closed","template":"","meta":[],"product_brand":[],"product_cat":[34],"product_tag":[104],"class_list":{"0":"post-1623","1":"product","2":"type-product","3":"status-publish","4":"has-post-thumbnail","6":"product_cat-brikett","7":"product_tag-tolgy-brikett-kemenyfa-brikett-oak-brikett-premium-brikett","9":"first","10":"instock","11":"taxable","12":"shipping-taxable","13":"purchasable","14":"product-type-simple"},"_links":{"self":[{"href":"https:\/\/www.ecoflame.hu\/ru\/wp-json\/wp\/v2\/product\/1623","targetHints":{"allow":["GET"]}}],"collection":[{"href":"https:\/\/www.ecoflame.hu\/ru\/wp-json\/wp\/v2\/product"}],"about":[{"href":"https:\/\/www.ecoflame.hu\/ru\/wp-json\/wp\/v2\/types\/product"}],"replies":[{"embeddable":true,"href":"https:\/\/www.ecoflame.hu\/ru\/wp-json\/wp\/v2\/comments?post=1623"}],"version-history":[{"count":0,"href":"https:\/\/www.ecoflame.hu\/ru\/wp-json\/wp\/v2\/product\/1623\/revisions"}],"wp:featuredmedia":[{"embeddable":true,"href":"https:\/\/www.ecoflame.hu\/ru\/wp-json\/wp\/v2\/media\/1602"}],"wp:attachment":[{"href":"https:\/\/www.ecoflame.hu\/ru\/wp-json\/wp\/v2\/media?parent=1623"}],"wp:term":[{"taxonomy":"product_brand","embeddable":true,"href":"https:\/\/www.ecoflame.hu\/ru\/wp-json\/wp\/v2\/product_brand?post=1623"},{"taxonomy":"product_cat","embeddable":true,"href":"https:\/\/www.ecoflame.hu\/ru\/wp-json\/wp\/v2\/product_cat?post=1623"},{"taxonomy":"product_tag","embeddable":true,"href":"https:\/\/www.ecoflame.hu\/ru\/wp-json\/wp\/v2\/product_tag?post=1623"}],"curies":[{"name":"wp","href":"https:\/\/api.w.org\/{rel}","templated":true}]}}