{"id":1625,"date":"2026-02-07T19:43:14","date_gmt":"2026-02-07T19:43:14","guid":{"rendered":"https:\/\/www.ecoflame.hu\/?product=ecoflame-brikett-mix-vegyes-csomag-12-kg"},"modified":"2026-02-07T19:43:15","modified_gmt":"2026-02-07T19:43:15","slug":"ecoflame-brikett-mix-vegyes-csomag-12-kg","status":"publish","type":"product","link":"https:\/\/www.ecoflame.hu\/ru\/product\/ecoflame-brikett-mix-vegyes-csomag-12-kg\/","title":{"rendered":"\u0421\u043c\u0435\u0441\u044c \u0434\u043b\u044f \u0431\u0440\u0438\u043a\u0435\u0442\u043e\u0432 EcoFlame - \u0441\u043c\u0435\u0448\u0430\u043d\u043d\u0430\u044f \u0443\u043f\u0430\u043a\u043e\u0432\u043a\u0430 (12 \u043a\u0433)"},"content":{"rendered":"<h2>EcoFlame Brikett Mix &#8211; Minden egyben<\/h2>\n<p><strong>Fedezze fel a k\u00fcl\u00f6nbs\u00e9geket!<\/strong> Vegyes brikett csomag, amely tartalmazza a legn\u00e9pszer\u0171bb brikett t\u00edpusokat.<\/p>\n<h3>Csomag tartalma:<\/h3>\n<ul>\n<li><strong>RUF brikett:<\/strong> 4 kg &#8211; klasszikus t\u00e9gla forma<\/li>\n<li><strong>Pini-Kay brikett:<\/strong> 4 kg &#8211; lyukacsos oktogon<\/li>\n<li><strong>Kem\u00e9nyfa brikett:<\/strong> 4 kg &#8211; pr\u00e9mium min\u0151s\u00e9g<\/li>\n<\/ul>\n<h3>Ide\u00e1lis v\u00e1laszt\u00e1s ha:<\/h3>\n<ul>\n<li>Nem tudja, melyik brikett a legjobb \u00d6nnek<\/li>\n<li>Szeretn\u00e9 kipr\u00f3b\u00e1lni a k\u00fcl\u00f6nb\u00f6z\u0151 t\u00edpusokat<\/li>\n<li>V\u00e1ltozatoss\u00e1got szeretne a f\u0171t\u00e9sben<\/li>\n<\/ul>\n<p><strong>Pr\u00f3ba csomag<\/strong> kedvez\u0151 \u00e1ron!<\/p>","protected":false},"excerpt":{"rendered":"<p>Vegyes brikett csomag: RUF, Pini-Kay \u00e9s kem\u00e9nyfa brikettek egy csomagban. Pr\u00f3b\u00e1lja ki mindet!<\/p>","protected":false},"featured_media":1591,"comment_status":"open","ping_status":"closed","template":"","meta":[],"product_brand":[],"product_cat":[34],"product_tag":[108],"class_list":{"0":"post-1625","1":"product","2":"type-product","3":"status-publish","4":"has-post-thumbnail","6":"product_cat-brikett","7":"product_tag-brikett-mix-vegyes-brikett-proba-csomag-brikett-valogatas","9":"first","10":"instock","11":"taxable","12":"shipping-taxable","13":"purchasable","14":"product-type-simple"},"_links":{"self":[{"href":"https:\/\/www.ecoflame.hu\/ru\/wp-json\/wp\/v2\/product\/1625","targetHints":{"allow":["GET"]}}],"collection":[{"href":"https:\/\/www.ecoflame.hu\/ru\/wp-json\/wp\/v2\/product"}],"about":[{"href":"https:\/\/www.ecoflame.hu\/ru\/wp-json\/wp\/v2\/types\/product"}],"replies":[{"embeddable":true,"href":"https:\/\/www.ecoflame.hu\/ru\/wp-json\/wp\/v2\/comments?post=1625"}],"version-history":[{"count":0,"href":"https:\/\/www.ecoflame.hu\/ru\/wp-json\/wp\/v2\/product\/1625\/revisions"}],"wp:featuredmedia":[{"embeddable":true,"href":"https:\/\/www.ecoflame.hu\/ru\/wp-json\/wp\/v2\/media\/1591"}],"wp:attachment":[{"href":"https:\/\/www.ecoflame.hu\/ru\/wp-json\/wp\/v2\/media?parent=1625"}],"wp:term":[{"taxonomy":"product_brand","embeddable":true,"href":"https:\/\/www.ecoflame.hu\/ru\/wp-json\/wp\/v2\/product_brand?post=1625"},{"taxonomy":"product_cat","embeddable":true,"href":"https:\/\/www.ecoflame.hu\/ru\/wp-json\/wp\/v2\/product_cat?post=1625"},{"taxonomy":"product_tag","embeddable":true,"href":"https:\/\/www.ecoflame.hu\/ru\/wp-json\/wp\/v2\/product_tag?post=1625"}],"curies":[{"name":"wp","href":"https:\/\/api.w.org\/{rel}","templated":true}]}}