{"id":1626,"date":"2026-02-07T19:43:15","date_gmt":"2026-02-07T19:43:15","guid":{"rendered":"https:\/\/www.ecoflame.hu\/?product=ecoflame-bukk-tuzifa-szaritott-1-raklap"},"modified":"2026-02-07T19:43:15","modified_gmt":"2026-02-07T19:43:15","slug":"ecoflame-bukk-tuzifa-szaritott-1-raklap","status":"publish","type":"product","link":"https:\/\/www.ecoflame.hu\/ru\/product\/ecoflame-bukk-tuzifa-szaritott-1-raklap\/","title":{"rendered":"\u0411\u0443\u043a\u043e\u0432\u044b\u0435 \u0434\u0440\u043e\u0432\u0430 EcoFlame - \u0441\u0443\u0448\u0435\u043d\u044b\u0435 (1 \u043f\u043e\u0434\u0434\u043e\u043d)"},"content":{"rendered":"<h2>EcoFlame B\u00fckk T\u0171zifa &#8211; Kemencesz\u00e1r\u00edtott<\/h2>\n<p><strong>Pr\u00e9mium b\u00fckkfa<\/strong> kemenc\u00e9ben sz\u00e1r\u00edtva, azonnali felhaszn\u00e1l\u00e1sra k\u00e9sz. A b\u00fckk az egyik legjobb t\u0171zifa fajta.<\/p>\n<h3>Term\u00e9k jellemz\u0151i:<\/h3>\n<ul>\n<li><strong>\u0412\u0438\u0434\u044b \u0434\u0435\u0440\u0435\u0432\u044c\u0435\u0432:<\/strong> 100% b\u00fckkfa<\/li>\n<li><strong>\u0421\u0443\u0448\u043a\u0430:<\/strong> Kemencesz\u00e1r\u00edtott (kiln-dried)<\/li>\n<li><strong>\u0421\u043e\u0434\u0435\u0440\u0436\u0430\u043d\u0438\u0435 \u0432\u043b\u0430\u0433\u0438:<\/strong> < 20%<\/li>\n<li><strong>Darab hossz:<\/strong> 25-33 cm<\/li>\n<li><strong>\u041a\u043e\u043b\u0438\u0447\u0435\u0441\u0442\u0432\u043e:<\/strong> 1 raklap (kb. 1.8 m\u00b3)<\/li>\n<\/ul>\n<h3>A b\u00fckkfa t\u0171zifa el\u0151nyei:<\/h3>\n<ul>\n<li>Magas f\u0171t\u0151\u00e9rt\u00e9k<\/li>\n<li>Hossz\u00fa \u00e9g\u00e9si id\u0151<\/li>\n<li>Sz\u00e9p l\u00e1ngk\u00e9p<\/li>\n<li>Kev\u00e9s szikra<\/li>\n<\/ul>","protected":false},"excerpt":{"rendered":"<p>Kemenc\u00e9ben sz\u00e1r\u00edtott pr\u00e9mium b\u00fckkfa t\u0171zifa. 20% alatti nedvess\u00e9gtartalom, azonnal haszn\u00e1lhat\u00f3.<\/p>","protected":false},"featured_media":1585,"comment_status":"open","ping_status":"closed","template":"","meta":[],"product_brand":[],"product_cat":[33],"product_tag":[109],"class_list":{"0":"post-1626","1":"product","2":"type-product","3":"status-publish","4":"has-post-thumbnail","6":"product_cat-tuzifa","7":"product_tag-bukk-tuzifa-szaritott-tuzifa-kemenceszaritott-bukkfa","9":"first","10":"instock","11":"featured","12":"taxable","13":"shipping-taxable","14":"purchasable","15":"product-type-simple"},"_links":{"self":[{"href":"https:\/\/www.ecoflame.hu\/ru\/wp-json\/wp\/v2\/product\/1626","targetHints":{"allow":["GET"]}}],"collection":[{"href":"https:\/\/www.ecoflame.hu\/ru\/wp-json\/wp\/v2\/product"}],"about":[{"href":"https:\/\/www.ecoflame.hu\/ru\/wp-json\/wp\/v2\/types\/product"}],"replies":[{"embeddable":true,"href":"https:\/\/www.ecoflame.hu\/ru\/wp-json\/wp\/v2\/comments?post=1626"}],"version-history":[{"count":0,"href":"https:\/\/www.ecoflame.hu\/ru\/wp-json\/wp\/v2\/product\/1626\/revisions"}],"wp:featuredmedia":[{"embeddable":true,"href":"https:\/\/www.ecoflame.hu\/ru\/wp-json\/wp\/v2\/media\/1585"}],"wp:attachment":[{"href":"https:\/\/www.ecoflame.hu\/ru\/wp-json\/wp\/v2\/media?parent=1626"}],"wp:term":[{"taxonomy":"product_brand","embeddable":true,"href":"https:\/\/www.ecoflame.hu\/ru\/wp-json\/wp\/v2\/product_brand?post=1626"},{"taxonomy":"product_cat","embeddable":true,"href":"https:\/\/www.ecoflame.hu\/ru\/wp-json\/wp\/v2\/product_cat?post=1626"},{"taxonomy":"product_tag","embeddable":true,"href":"https:\/\/www.ecoflame.hu\/ru\/wp-json\/wp\/v2\/product_tag?post=1626"}],"curies":[{"name":"wp","href":"https:\/\/api.w.org\/{rel}","templated":true}]}}