{"id":1627,"date":"2026-02-07T19:43:16","date_gmt":"2026-02-07T19:43:16","guid":{"rendered":"https:\/\/www.ecoflame.hu\/?product=ecoflame-gyumolcsfa-tuzifa-alma-korte-20-kg"},"modified":"2026-02-07T19:43:16","modified_gmt":"2026-02-07T19:43:16","slug":"ecoflame-gyumolcsfa-tuzifa-alma-korte-20-kg","status":"publish","type":"product","link":"https:\/\/www.ecoflame.hu\/ru\/product\/ecoflame-gyumolcsfa-tuzifa-alma-korte-20-kg\/","title":{"rendered":"\u0414\u0440\u043e\u0432\u0430 EcoFlame Fruit Tree - Apple\/Berry (20 \u043a\u0433)"},"content":{"rendered":"<h2>EcoFlame Gy\u00fcm\u00f6lcsfa T\u0171zifa &#8211; Alma &#038; K\u00f6rte<\/h2>\n<p><strong>K\u00fcl\u00f6nleges v\u00e1laszt\u00e1s<\/strong> &#8211; gy\u00fcm\u00f6lcsf\u00e1k f\u00e1ja kellemes, \u00e9des illatot \u00e1raszt \u00e9g\u00e9s k\u00f6zben. Ide\u00e1lis kandall\u00f3ba \u00e9s f\u00fcst\u00f6l\u00e9shez egyar\u00e1nt.<\/p>\n<h3>Term\u00e9k adatok:<\/h3>\n<ul>\n<li><strong>\u00d6sszet\u00e9tel:<\/strong> Alma \u00e9s k\u00f6rte fa mix<\/li>\n<li><strong>\u0414\u043e\u0437\u0438\u0440\u043e\u0432\u0430\u043d\u0438\u0435:<\/strong> 20 kg kartondoboz<\/li>\n<li><strong>Darab hossz:<\/strong> 20-25 cm<\/li>\n<li><strong>\u0421\u043e\u0434\u0435\u0440\u0436\u0430\u043d\u0438\u0435 \u0432\u043b\u0430\u0433\u0438:<\/strong> < 20%<\/li>\n<\/ul>\n<h3>Felhaszn\u00e1l\u00e1si lehet\u0151s\u00e9gek:<\/h3>\n<ul>\n<li>Kandall\u00f3 &#8211; kellemes illat\u00fa f\u0171t\u00e9s<\/li>\n<li>BBQ f\u00fcst\u00f6l\u00e9s &#8211; \u00e9des, gy\u00fcm\u00f6lcs\u00f6s \u00edz<\/li>\n<li>Pizza kemence &#8211; autentikus \u00edzvil\u00e1g<\/li>\n<li>Kerti t\u0171zrak\u00f3 hely<\/li>\n<\/ul>","protected":false},"excerpt":{"rendered":"<p>Vegyes gy\u00fcm\u00f6lcsfa t\u0171zifa alma \u00e9s k\u00f6rtef\u00e1b\u00f3l. Kellemes illat, ide\u00e1lis f\u00fcst\u00f6l\u00e9shez is.<\/p>","protected":false},"featured_media":1572,"comment_status":"open","ping_status":"closed","template":"","meta":[],"product_brand":[],"product_cat":[33],"product_tag":[111],"class_list":{"0":"post-1627","1":"product","2":"type-product","3":"status-publish","4":"has-post-thumbnail","6":"product_cat-tuzifa","7":"product_tag-gyumolcsfa-alma-tuzifa-korte-tuzifa-fustolo-fa","9":"first","10":"instock","11":"taxable","12":"shipping-taxable","13":"purchasable","14":"product-type-simple"},"_links":{"self":[{"href":"https:\/\/www.ecoflame.hu\/ru\/wp-json\/wp\/v2\/product\/1627","targetHints":{"allow":["GET"]}}],"collection":[{"href":"https:\/\/www.ecoflame.hu\/ru\/wp-json\/wp\/v2\/product"}],"about":[{"href":"https:\/\/www.ecoflame.hu\/ru\/wp-json\/wp\/v2\/types\/product"}],"replies":[{"embeddable":true,"href":"https:\/\/www.ecoflame.hu\/ru\/wp-json\/wp\/v2\/comments?post=1627"}],"version-history":[{"count":0,"href":"https:\/\/www.ecoflame.hu\/ru\/wp-json\/wp\/v2\/product\/1627\/revisions"}],"wp:featuredmedia":[{"embeddable":true,"href":"https:\/\/www.ecoflame.hu\/ru\/wp-json\/wp\/v2\/media\/1572"}],"wp:attachment":[{"href":"https:\/\/www.ecoflame.hu\/ru\/wp-json\/wp\/v2\/media?parent=1627"}],"wp:term":[{"taxonomy":"product_brand","embeddable":true,"href":"https:\/\/www.ecoflame.hu\/ru\/wp-json\/wp\/v2\/product_brand?post=1627"},{"taxonomy":"product_cat","embeddable":true,"href":"https:\/\/www.ecoflame.hu\/ru\/wp-json\/wp\/v2\/product_cat?post=1627"},{"taxonomy":"product_tag","embeddable":true,"href":"https:\/\/www.ecoflame.hu\/ru\/wp-json\/wp\/v2\/product_tag?post=1627"}],"curies":[{"name":"wp","href":"https:\/\/api.w.org\/{rel}","templated":true}]}}