{"id":1629,"date":"2026-02-07T19:43:17","date_gmt":"2026-02-07T19:43:17","guid":{"rendered":"https:\/\/www.ecoflame.hu\/?product=ecoflame-vegyes-kemenyfa-raklap-1-5-m%c2%b3"},"modified":"2026-02-07T19:43:17","modified_gmt":"2026-02-07T19:43:17","slug":"ecoflame-vegyes-kemenyfa-raklap-1-5-m%c2%b3","status":"publish","type":"product","link":"https:\/\/www.ecoflame.hu\/ru\/product\/ecoflame-vegyes-kemenyfa-raklap-1-5-m%c2%b3\/","title":{"rendered":"\u041c\u0438\u043a\u0441 \u043b\u0438\u0441\u0442\u0432\u0435\u043d\u043d\u044b\u0445 \u043f\u043e\u0440\u043e\u0434 EcoFlame - \u043f\u043e\u0434\u0434\u043e\u043d (1,5 \u043c\u00b3)"},"content":{"rendered":"<h2>EcoFlame Vegyes Kem\u00e9nyfa T\u0171zifa<\/h2>\n<p><strong>Legjobb \u00e1r-\u00e9rt\u00e9k ar\u00e1ny<\/strong> &#8211; vegyes kem\u00e9nyfa t\u0171zifa, amely t\u00f6lgy, b\u00fckk \u00e9s gyerty\u00e1n f\u00e1kat tartalmaz.<\/p>\n<h3>\u0421\u043e\u0434\u0435\u0440\u0436\u0430\u043d\u0438\u0435 \u043f\u043e\u0434\u0434\u043e\u043d\u0430:<\/h3>\n<ul>\n<li><strong>\u00d6sszet\u00e9tel:<\/strong> T\u00f6lgy, b\u00fckk, gyerty\u00e1n mix<\/li>\n<li><strong>\u041a\u043e\u043b\u0438\u0447\u0435\u0441\u0442\u0432\u043e:<\/strong> 1.5 m\u00b3 (kb. 700 kg)<\/li>\n<li><strong>Darab hossz:<\/strong> 25-33 cm<\/li>\n<li><strong>\u0421\u043e\u0434\u0435\u0440\u0436\u0430\u043d\u0438\u0435 \u0432\u043b\u0430\u0433\u0438:<\/strong> < 25%<\/li>\n<\/ul>\n<h3>El\u0151ny\u00f6k:<\/h3>\n<ul>\n<li>Kedvez\u0151 \u00e1r<\/li>\n<li>Megb\u00edzhat\u00f3 kem\u00e9nyfa min\u0151s\u00e9g<\/li>\n<li>Vegyes fafajok v\u00e1ltozatos \u00e9g\u00e9se<\/li>\n<li>H\u00e1zhozsz\u00e1ll\u00edt\u00e1s<\/li>\n<\/ul>","protected":false},"excerpt":{"rendered":"<p>Vegyes kem\u00e9nyfa t\u0171zifa raklap: t\u00f6lgy, b\u00fckk, gyerty\u00e1n mix. Kiv\u00e1l\u00f3 \u00e1r-\u00e9rt\u00e9k ar\u00e1ny.<\/p>","protected":false},"featured_media":1590,"comment_status":"open","ping_status":"closed","template":"","meta":[],"product_brand":[],"product_cat":[33],"product_tag":[113],"class_list":{"0":"post-1629","1":"product","2":"type-product","3":"status-publish","4":"has-post-thumbnail","6":"product_cat-tuzifa","7":"product_tag-vegyes-tuzifa-kemenyfa-mix-olcso-tuzifa-raklap-tuzifa","9":"first","10":"instock","11":"taxable","12":"shipping-taxable","13":"purchasable","14":"product-type-simple"},"_links":{"self":[{"href":"https:\/\/www.ecoflame.hu\/ru\/wp-json\/wp\/v2\/product\/1629","targetHints":{"allow":["GET"]}}],"collection":[{"href":"https:\/\/www.ecoflame.hu\/ru\/wp-json\/wp\/v2\/product"}],"about":[{"href":"https:\/\/www.ecoflame.hu\/ru\/wp-json\/wp\/v2\/types\/product"}],"replies":[{"embeddable":true,"href":"https:\/\/www.ecoflame.hu\/ru\/wp-json\/wp\/v2\/comments?post=1629"}],"version-history":[{"count":0,"href":"https:\/\/www.ecoflame.hu\/ru\/wp-json\/wp\/v2\/product\/1629\/revisions"}],"wp:featuredmedia":[{"embeddable":true,"href":"https:\/\/www.ecoflame.hu\/ru\/wp-json\/wp\/v2\/media\/1590"}],"wp:attachment":[{"href":"https:\/\/www.ecoflame.hu\/ru\/wp-json\/wp\/v2\/media?parent=1629"}],"wp:term":[{"taxonomy":"product_brand","embeddable":true,"href":"https:\/\/www.ecoflame.hu\/ru\/wp-json\/wp\/v2\/product_brand?post=1629"},{"taxonomy":"product_cat","embeddable":true,"href":"https:\/\/www.ecoflame.hu\/ru\/wp-json\/wp\/v2\/product_cat?post=1629"},{"taxonomy":"product_tag","embeddable":true,"href":"https:\/\/www.ecoflame.hu\/ru\/wp-json\/wp\/v2\/product_tag?post=1629"}],"curies":[{"name":"wp","href":"https:\/\/api.w.org\/{rel}","templated":true}]}}