{"id":1634,"date":"2026-02-07T19:43:19","date_gmt":"2026-02-07T19:43:19","guid":{"rendered":"https:\/\/www.ecoflame.hu\/?product=ecoflame-gyors-gyujtos-gel-500-ml"},"modified":"2026-02-07T19:43:20","modified_gmt":"2026-02-07T19:43:20","slug":"ecoflame-gyors-gyujtos-gel-500-ml","status":"publish","type":"product","link":"https:\/\/www.ecoflame.hu\/ru\/product\/ecoflame-gyors-gyujtos-gel-500-ml\/","title":{"rendered":"\u0411\u044b\u0441\u0442\u0440\u043e\u0435 \u0437\u0430\u0436\u0438\u0433\u0430\u043d\u0438\u0435 EcoFlame - \u0433\u0435\u043b\u044c (500 \u043c\u043b)"},"content":{"rendered":"<h2>EcoFlame Gy\u00fajt\u00f3 G\u00e9l &#8211; Gyors begy\u00fajt\u00e1s<\/h2>\n<p><strong>Egyszer\u0171 haszn\u00e1lat<\/strong> &#8211; csak nyomja a g\u00e9l a f\u00e1ra \u00e9s gy\u00fajtsa meg. A g\u00e9l egyenletesen \u00e9g \u00e9s kontroll\u00e1lt l\u00e1ngot ad.<\/p>\n<h3>Term\u00e9k adatok:<\/h3>\n<ul>\n<li><strong>\u0422\u0438\u043f:<\/strong> Bioetanol alap\u00fa g\u00e9l<\/li>\n<li><strong>\u0414\u043e\u0437\u0438\u0440\u043e\u0432\u0430\u043d\u0438\u0435:<\/strong> 500 ml flakon<\/li>\n<li><strong>Elegend\u0151:<\/strong> 15-20 begy\u00fajt\u00e1sra<\/li>\n<li><strong>Biztons\u00e1g:<\/strong> Nem robban\u00e1svesz\u00e9lyes<\/li>\n<\/ul>\n<h3>Haszn\u00e1lat:<\/h3>\n<ul>\n<li>\u041e\u0441\u0432\u0435\u0449\u0435\u043d\u0438\u0435 \u043a\u0430\u043c\u0438\u043d\u0430<\/li>\n<li>Grill ind\u00edt\u00e1sa<\/li>\n<li>K\u00e1lyha gy\u00fajt\u00e1sa<\/li>\n<li>\u0420\u0430\u0437\u0432\u0435\u0434\u0435\u043d\u0438\u0435 \u043a\u043e\u0441\u0442\u0440\u0430 \u0432 \u0441\u0430\u0434\u0443<\/li>\n<\/ul>\n<p><strong>Figyelem:<\/strong> Soha ne \u00f6nts\u00f6n g\u00e9lt \u00e9g\u0151 t\u0171zre!<\/p>","protected":false},"excerpt":{"rendered":"<p>Gy\u00fajt\u00f3 g\u00e9l kandall\u00f3hoz \u00e9s grillhez. Biztons\u00e1gos, kontroll\u00e1lt l\u00e1ng, k\u00f6nnyen adagolhat\u00f3.<\/p>","protected":false},"featured_media":1580,"comment_status":"open","ping_status":"closed","template":"","meta":[],"product_brand":[],"product_cat":[31],"product_tag":[118],"class_list":{"0":"post-1634","1":"product","2":"type-product","3":"status-publish","4":"has-post-thumbnail","6":"product_cat-gyujtosok","7":"product_tag-gyujto-gel-fire-gel-gyujtos-gel-gyors-gyujtos","9":"first","10":"instock","11":"taxable","12":"shipping-taxable","13":"purchasable","14":"product-type-simple"},"_links":{"self":[{"href":"https:\/\/www.ecoflame.hu\/ru\/wp-json\/wp\/v2\/product\/1634","targetHints":{"allow":["GET"]}}],"collection":[{"href":"https:\/\/www.ecoflame.hu\/ru\/wp-json\/wp\/v2\/product"}],"about":[{"href":"https:\/\/www.ecoflame.hu\/ru\/wp-json\/wp\/v2\/types\/product"}],"replies":[{"embeddable":true,"href":"https:\/\/www.ecoflame.hu\/ru\/wp-json\/wp\/v2\/comments?post=1634"}],"version-history":[{"count":0,"href":"https:\/\/www.ecoflame.hu\/ru\/wp-json\/wp\/v2\/product\/1634\/revisions"}],"wp:featuredmedia":[{"embeddable":true,"href":"https:\/\/www.ecoflame.hu\/ru\/wp-json\/wp\/v2\/media\/1580"}],"wp:attachment":[{"href":"https:\/\/www.ecoflame.hu\/ru\/wp-json\/wp\/v2\/media?parent=1634"}],"wp:term":[{"taxonomy":"product_brand","embeddable":true,"href":"https:\/\/www.ecoflame.hu\/ru\/wp-json\/wp\/v2\/product_brand?post=1634"},{"taxonomy":"product_cat","embeddable":true,"href":"https:\/\/www.ecoflame.hu\/ru\/wp-json\/wp\/v2\/product_cat?post=1634"},{"taxonomy":"product_tag","embeddable":true,"href":"https:\/\/www.ecoflame.hu\/ru\/wp-json\/wp\/v2\/product_tag?post=1634"}],"curies":[{"name":"wp","href":"https:\/\/api.w.org\/{rel}","templated":true}]}}